{"id":1085,"date":"2017-02-13T09:17:19","date_gmt":"2017-02-13T09:17:19","guid":{"rendered":"https:\/\/sanahempjuice.com\/de\/?page_id=1085"},"modified":"2017-03-09T08:45:29","modified_gmt":"2017-03-09T08:45:29","slug":"gefriertrocknung","status":"publish","type":"page","link":"https:\/\/sanahempjuice.com\/de\/gefriertrocknung\/","title":{"rendered":"Gefriertrocknung"},"content":{"rendered":"<p>Die\u00a0Gefriertrocknung, auch als\u00a0Lyophilisierung,\u00a0Lyophilisation\u00a0oder\u00a0Sublimationstrocknung\u00a0bezeichnet, ist ein Verfahren zur schonenden\u00a0Trocknung\u00a0von Produkten. Die Gefriertrocknung beruht auf dem physikalischen Prozess der\u00a0Sublimation: Dabei sublimieren die Eiskristalle ohne zwischenzeitliches Auftreten einer fl\u00fcssigen Phase direkt in den gasf\u00f6rmigen Zustand. Das Endprodukt der Gefriertrocknung wird als\u00a0Lyophilisat\u00a0bezeichnet.<\/p>\n<p>Die verschiedenen Phasen der Gefriertrocknung;<\/p>\n<ol>\n<li><strong>Frostung<\/strong><br \/>\nVor der Gefriertrocknung muss die Rohware zuerst eingefroren werden. Dabei ist besonders darauf zu achten, dass die Struktur unver\u00e4ndert bleibt. Daher werden Produkte sofort nach der Ernte bei Temperaturen unter -18 \u00b0C eingefroren.<\/li>\n<li><strong>Haupttrocknung<\/strong><br \/>\nDer zweite Schritt, ist die Entfernung des Eises aus dem Produkt. Durch das Vakuum in der Trockenkammer geht das Wasser hierbei direkt vom festen in den gasf\u00f6rmigen Zustand \u00fcber und entweicht aus dem Produkt. Dieser Vorgang hei\u00dft Sublimation. Um die Sublimation zu beschleunigen, wird Energie in Form von W\u00e4rme ben\u00f6tigt. Diese Energie wird dem Produkt durch ein eingebautes Heizsystem zugef\u00fchrt. Die Trockenkammer und der Kondensator werden unter Vakuum gehalten, um die Wanderung des Wasserdampfes zum Kondensator, an dem es sich in Form von Eis ablagert, zu unterst\u00fctzen und um sicher zu gehen, dass das Vakuum unter der f\u00fcr eine Sublimation n\u00f6tigen Grenze liegt. Eine Gefriertrocknung ist schon m\u00f6glich ab einer Temperatur von 35\u00b0C.<\/li>\n<li><strong>Nachtrocknung<\/strong><br \/>\nNachdem das freie Eis per Sublimation entfernt worden ist, beinhaltet das Produkt noch gebundenes Wasser, dass die Lebensdauer oder Qualit\u00e4t einschr\u00e4nken kann. W\u00e4hrend der Nachtrocknung wird das besonders stark gebundene Wasser aus dem Produkt in Wasserdampf umgewandelt. Dies ist ein langsamerer Prozess. Die Nachtrocknung ist zwar der dritte Schritt, beginnt aber schon w\u00e4hrend der Haupttrocknung.<\/li>\n<\/ol>\n<p><img loading=\"lazy\" decoding=\"async\" class=\"alignnone size-full wp-image-1079\" src=\"https:\/\/sanahempjuice.com\/wp-content\/uploads\/2017\/02\/en_05_technology_triple-point.jpg\" alt=\"en_05_technology_triple point\" width=\"630\" height=\"530\" srcset=\"https:\/\/sanahempjuice.com\/wp-content\/uploads\/2017\/02\/en_05_technology_triple-point.jpg 630w, https:\/\/sanahempjuice.com\/wp-content\/uploads\/2017\/02\/en_05_technology_triple-point-600x505.jpg 600w, https:\/\/sanahempjuice.com\/wp-content\/uploads\/2017\/02\/en_05_technology_triple-point-300x252.jpg 300w\" sizes=\"auto, (max-width: 630px) 100vw, 630px\" \/><\/p>\n","protected":false},"excerpt":{"rendered":"<p>Die\u00a0Gefriertrocknung, auch als\u00a0Lyophilisierung,\u00a0Lyophilisation\u00a0oder\u00a0Sublimationstrocknung\u00a0bezeichnet, ist ein Verfahren zur schonenden\u00a0Trocknung\u00a0von Produkten. Die Gefriertrocknung beruht auf dem physikalischen [&hellip;]<\/p>\n","protected":false},"author":1,"featured_media":0,"parent":0,"menu_order":0,"comment_status":"closed","ping_status":"closed","template":"","meta":{"_acf_changed":false,"footnotes":""},"class_list":["post-1085","page","type-page","status-publish","hentry"],"acf":[],"yoast_head":"<!-- This site is optimized with the Yoast SEO plugin v26.8 - https:\/\/yoast.com\/product\/yoast-seo-wordpress\/ -->\n<title>Gefriertrocknung | Sana Hemp Juice<\/title>\n<meta name=\"robots\" content=\"index, follow, max-snippet:-1, max-image-preview:large, max-video-preview:-1\" \/>\n<link rel=\"canonical\" href=\"https:\/\/sanahempjuice.com\/de\/gefriertrocknung\/\" \/>\n<meta property=\"og:locale\" content=\"de_DE\" \/>\n<meta property=\"og:type\" content=\"article\" \/>\n<meta property=\"og:title\" content=\"Gefriertrocknung | Sana Hemp Juice\" \/>\n<meta property=\"og:description\" content=\"Die\u00a0Gefriertrocknung, auch als\u00a0Lyophilisierung,\u00a0Lyophilisation\u00a0oder\u00a0Sublimationstrocknung\u00a0bezeichnet, ist ein Verfahren zur schonenden\u00a0Trocknung\u00a0von Produkten. Die Gefriertrocknung beruht auf dem physikalischen [&hellip;]\" \/>\n<meta property=\"og:url\" content=\"https:\/\/sanahempjuice.com\/de\/gefriertrocknung\/\" \/>\n<meta property=\"og:site_name\" content=\"Sana Hemp Juice\" \/>\n<meta property=\"article:modified_time\" content=\"2017-03-09T08:45:29+00:00\" \/>\n<meta property=\"og:image\" content=\"https:\/\/sanahempjuice.com\/wp-content\/uploads\/2017\/02\/en_05_technology_triple-point.jpg\" \/>\n<meta name=\"twitter:card\" content=\"summary_large_image\" \/>\n<meta name=\"twitter:label1\" content=\"Gesch\u00e4tzte Lesezeit\" \/>\n\t<meta name=\"twitter:data1\" content=\"1\u00a0Minute\" \/>\n<script type=\"application\/ld+json\" class=\"yoast-schema-graph\">{\"@context\":\"https:\/\/schema.org\",\"@graph\":[{\"@type\":\"WebPage\",\"@id\":\"https:\/\/sanahempjuice.com\/de\/gefriertrocknung\/\",\"url\":\"https:\/\/sanahempjuice.com\/de\/gefriertrocknung\/\",\"name\":\"Gefriertrocknung | Sana Hemp Juice\",\"isPartOf\":{\"@id\":\"https:\/\/sanahempjuice.com\/#website\"},\"primaryImageOfPage\":{\"@id\":\"https:\/\/sanahempjuice.com\/de\/gefriertrocknung\/#primaryimage\"},\"image\":{\"@id\":\"https:\/\/sanahempjuice.com\/de\/gefriertrocknung\/#primaryimage\"},\"thumbnailUrl\":\"https:\/\/sanahempjuice.com\/wp-content\/uploads\/2017\/02\/en_05_technology_triple-point.jpg\",\"datePublished\":\"2017-02-13T09:17:19+00:00\",\"dateModified\":\"2017-03-09T08:45:29+00:00\",\"breadcrumb\":{\"@id\":\"https:\/\/sanahempjuice.com\/de\/gefriertrocknung\/#breadcrumb\"},\"inLanguage\":\"de\",\"potentialAction\":[{\"@type\":\"ReadAction\",\"target\":[\"https:\/\/sanahempjuice.com\/de\/gefriertrocknung\/\"]}]},{\"@type\":\"ImageObject\",\"inLanguage\":\"de\",\"@id\":\"https:\/\/sanahempjuice.com\/de\/gefriertrocknung\/#primaryimage\",\"url\":\"https:\/\/sanahempjuice.com\/wp-content\/uploads\/2017\/02\/en_05_technology_triple-point.jpg\",\"contentUrl\":\"https:\/\/sanahempjuice.com\/wp-content\/uploads\/2017\/02\/en_05_technology_triple-point.jpg\"},{\"@type\":\"BreadcrumbList\",\"@id\":\"https:\/\/sanahempjuice.com\/de\/gefriertrocknung\/#breadcrumb\",\"itemListElement\":[{\"@type\":\"ListItem\",\"position\":1,\"name\":\"Home\",\"item\":\"https:\/\/sanahempjuice.com\/de\/\"},{\"@type\":\"ListItem\",\"position\":2,\"name\":\"Gefriertrocknung\"}]},{\"@type\":\"WebSite\",\"@id\":\"https:\/\/sanahempjuice.com\/#website\",\"url\":\"https:\/\/sanahempjuice.com\/\",\"name\":\"Sana Hemp Juice\",\"description\":\"\",\"potentialAction\":[{\"@type\":\"SearchAction\",\"target\":{\"@type\":\"EntryPoint\",\"urlTemplate\":\"https:\/\/sanahempjuice.com\/?s={search_term_string}\"},\"query-input\":{\"@type\":\"PropertyValueSpecification\",\"valueRequired\":true,\"valueName\":\"search_term_string\"}}],\"inLanguage\":\"de\"}]}<\/script>\n<!-- \/ Yoast SEO plugin. -->","yoast_head_json":{"title":"Gefriertrocknung | Sana Hemp Juice","robots":{"index":"index","follow":"follow","max-snippet":"max-snippet:-1","max-image-preview":"max-image-preview:large","max-video-preview":"max-video-preview:-1"},"canonical":"https:\/\/sanahempjuice.com\/de\/gefriertrocknung\/","og_locale":"de_DE","og_type":"article","og_title":"Gefriertrocknung | Sana Hemp Juice","og_description":"Die\u00a0Gefriertrocknung, auch als\u00a0Lyophilisierung,\u00a0Lyophilisation\u00a0oder\u00a0Sublimationstrocknung\u00a0bezeichnet, ist ein Verfahren zur schonenden\u00a0Trocknung\u00a0von Produkten. Die Gefriertrocknung beruht auf dem physikalischen [&hellip;]","og_url":"https:\/\/sanahempjuice.com\/de\/gefriertrocknung\/","og_site_name":"Sana Hemp Juice","article_modified_time":"2017-03-09T08:45:29+00:00","og_image":[{"url":"https:\/\/sanahempjuice.com\/wp-content\/uploads\/2017\/02\/en_05_technology_triple-point.jpg","type":"","width":"","height":""}],"twitter_card":"summary_large_image","twitter_misc":{"Gesch\u00e4tzte Lesezeit":"1\u00a0Minute"},"schema":{"@context":"https:\/\/schema.org","@graph":[{"@type":"WebPage","@id":"https:\/\/sanahempjuice.com\/de\/gefriertrocknung\/","url":"https:\/\/sanahempjuice.com\/de\/gefriertrocknung\/","name":"Gefriertrocknung | Sana Hemp Juice","isPartOf":{"@id":"https:\/\/sanahempjuice.com\/#website"},"primaryImageOfPage":{"@id":"https:\/\/sanahempjuice.com\/de\/gefriertrocknung\/#primaryimage"},"image":{"@id":"https:\/\/sanahempjuice.com\/de\/gefriertrocknung\/#primaryimage"},"thumbnailUrl":"https:\/\/sanahempjuice.com\/wp-content\/uploads\/2017\/02\/en_05_technology_triple-point.jpg","datePublished":"2017-02-13T09:17:19+00:00","dateModified":"2017-03-09T08:45:29+00:00","breadcrumb":{"@id":"https:\/\/sanahempjuice.com\/de\/gefriertrocknung\/#breadcrumb"},"inLanguage":"de","potentialAction":[{"@type":"ReadAction","target":["https:\/\/sanahempjuice.com\/de\/gefriertrocknung\/"]}]},{"@type":"ImageObject","inLanguage":"de","@id":"https:\/\/sanahempjuice.com\/de\/gefriertrocknung\/#primaryimage","url":"https:\/\/sanahempjuice.com\/wp-content\/uploads\/2017\/02\/en_05_technology_triple-point.jpg","contentUrl":"https:\/\/sanahempjuice.com\/wp-content\/uploads\/2017\/02\/en_05_technology_triple-point.jpg"},{"@type":"BreadcrumbList","@id":"https:\/\/sanahempjuice.com\/de\/gefriertrocknung\/#breadcrumb","itemListElement":[{"@type":"ListItem","position":1,"name":"Home","item":"https:\/\/sanahempjuice.com\/de\/"},{"@type":"ListItem","position":2,"name":"Gefriertrocknung"}]},{"@type":"WebSite","@id":"https:\/\/sanahempjuice.com\/#website","url":"https:\/\/sanahempjuice.com\/","name":"Sana Hemp Juice","description":"","potentialAction":[{"@type":"SearchAction","target":{"@type":"EntryPoint","urlTemplate":"https:\/\/sanahempjuice.com\/?s={search_term_string}"},"query-input":{"@type":"PropertyValueSpecification","valueRequired":true,"valueName":"search_term_string"}}],"inLanguage":"de"}]}},"_links":{"self":[{"href":"https:\/\/sanahempjuice.com\/de\/wp-json\/wp\/v2\/pages\/1085","targetHints":{"allow":["GET"]}}],"collection":[{"href":"https:\/\/sanahempjuice.com\/de\/wp-json\/wp\/v2\/pages"}],"about":[{"href":"https:\/\/sanahempjuice.com\/de\/wp-json\/wp\/v2\/types\/page"}],"author":[{"embeddable":true,"href":"https:\/\/sanahempjuice.com\/de\/wp-json\/wp\/v2\/users\/1"}],"replies":[{"embeddable":true,"href":"https:\/\/sanahempjuice.com\/de\/wp-json\/wp\/v2\/comments?post=1085"}],"version-history":[{"count":2,"href":"https:\/\/sanahempjuice.com\/de\/wp-json\/wp\/v2\/pages\/1085\/revisions"}],"predecessor-version":[{"id":1202,"href":"https:\/\/sanahempjuice.com\/de\/wp-json\/wp\/v2\/pages\/1085\/revisions\/1202"}],"wp:attachment":[{"href":"https:\/\/sanahempjuice.com\/de\/wp-json\/wp\/v2\/media?parent=1085"}],"curies":[{"name":"wp","href":"https:\/\/api.w.org\/{rel}","templated":true}]}}