{"id":1102,"date":"2017-02-13T09:27:38","date_gmt":"2017-02-13T09:27:38","guid":{"rendered":"https:\/\/sanahempjuice.com\/de\/?page_id=1102"},"modified":"2017-03-09T08:48:34","modified_gmt":"2017-03-09T08:48:34","slug":"oekologisch","status":"publish","type":"page","link":"https:\/\/sanahempjuice.com\/de\/oekologisch\/","title":{"rendered":"\u00d6kologisch"},"content":{"rendered":"<p>W\u00e4hrend des Wachstums s\u00e4ubert Hanf die Luft, was zu einer CO2-Reduktion f\u00fchrt. Das Hanf dabei viel effektiver ist als B\u00e4ume, ist weniger bekannt. \u201aHanf ist die Wunderpflanze dieser Zeit, denn w\u00e4hrend der Wachstumsperiode von 12 bis 14 Wochen wird viermal mehr Kohlendioxid (CO2) verarbeitete als von B\u00e4umen. B\u00e4ume brauchen 20 Jahre, um auszuwachsen im Vergleich dazu braucht Industriehanf nur 4 Monate! Ein Hektar Hanf produziert so viel Cellulose Faser wie\u00a04,1 Hektar B\u00e4ume. Bei diesem raschenWachstum (sogar schneller als Unkraut) sind Pestizide \u00fcberfl\u00fcssig.<\/p>\n<h2><img loading=\"lazy\" decoding=\"async\" class=\"alignnone size-full wp-image-1094\" src=\"https:\/\/sanahempjuice.com\/wp-content\/uploads\/2017\/02\/image1.jpg\" alt=\"image1\" width=\"150\" height=\"150\" srcset=\"https:\/\/sanahempjuice.com\/wp-content\/uploads\/2017\/02\/image1.jpg 150w, https:\/\/sanahempjuice.com\/wp-content\/uploads\/2017\/02\/image1-100x100.jpg 100w\" sizes=\"auto, (max-width: 150px) 100vw, 150px\" \/><\/h2>\n<h2><\/h2>\n","protected":false},"excerpt":{"rendered":"<p>W\u00e4hrend des Wachstums s\u00e4ubert Hanf die Luft, was zu einer CO2-Reduktion f\u00fchrt. Das Hanf dabei [&hellip;]<\/p>\n","protected":false},"author":1,"featured_media":0,"parent":0,"menu_order":0,"comment_status":"closed","ping_status":"closed","template":"","meta":{"_acf_changed":false,"footnotes":""},"class_list":["post-1102","page","type-page","status-publish","hentry"],"acf":[],"yoast_head":"<!-- This site is optimized with the Yoast SEO plugin v26.8 - https:\/\/yoast.com\/product\/yoast-seo-wordpress\/ -->\n<title>\u00d6kologisch | Sana Hemp Juice<\/title>\n<meta name=\"robots\" content=\"index, follow, max-snippet:-1, max-image-preview:large, max-video-preview:-1\" \/>\n<link rel=\"canonical\" href=\"https:\/\/sanahempjuice.com\/de\/oekologisch\/\" \/>\n<meta property=\"og:locale\" content=\"de_DE\" \/>\n<meta property=\"og:type\" content=\"article\" \/>\n<meta property=\"og:title\" content=\"\u00d6kologisch | Sana Hemp Juice\" \/>\n<meta property=\"og:description\" content=\"W\u00e4hrend des Wachstums s\u00e4ubert Hanf die Luft, was zu einer CO2-Reduktion f\u00fchrt. Das Hanf dabei [&hellip;]\" \/>\n<meta property=\"og:url\" content=\"https:\/\/sanahempjuice.com\/de\/oekologisch\/\" \/>\n<meta property=\"og:site_name\" content=\"Sana Hemp Juice\" \/>\n<meta property=\"article:modified_time\" content=\"2017-03-09T08:48:34+00:00\" \/>\n<meta property=\"og:image\" content=\"https:\/\/sanahempjuice.com\/wp-content\/uploads\/2017\/02\/image1.jpg\" \/>\n<meta name=\"twitter:card\" content=\"summary_large_image\" \/>\n<script type=\"application\/ld+json\" class=\"yoast-schema-graph\">{\"@context\":\"https:\/\/schema.org\",\"@graph\":[{\"@type\":\"WebPage\",\"@id\":\"https:\/\/sanahempjuice.com\/de\/oekologisch\/\",\"url\":\"https:\/\/sanahempjuice.com\/de\/oekologisch\/\",\"name\":\"\u00d6kologisch | Sana Hemp Juice\",\"isPartOf\":{\"@id\":\"https:\/\/sanahempjuice.com\/#website\"},\"primaryImageOfPage\":{\"@id\":\"https:\/\/sanahempjuice.com\/de\/oekologisch\/#primaryimage\"},\"image\":{\"@id\":\"https:\/\/sanahempjuice.com\/de\/oekologisch\/#primaryimage\"},\"thumbnailUrl\":\"https:\/\/sanahempjuice.com\/wp-content\/uploads\/2017\/02\/image1.jpg\",\"datePublished\":\"2017-02-13T09:27:38+00:00\",\"dateModified\":\"2017-03-09T08:48:34+00:00\",\"breadcrumb\":{\"@id\":\"https:\/\/sanahempjuice.com\/de\/oekologisch\/#breadcrumb\"},\"inLanguage\":\"de\",\"potentialAction\":[{\"@type\":\"ReadAction\",\"target\":[\"https:\/\/sanahempjuice.com\/de\/oekologisch\/\"]}]},{\"@type\":\"ImageObject\",\"inLanguage\":\"de\",\"@id\":\"https:\/\/sanahempjuice.com\/de\/oekologisch\/#primaryimage\",\"url\":\"https:\/\/sanahempjuice.com\/wp-content\/uploads\/2017\/02\/image1.jpg\",\"contentUrl\":\"https:\/\/sanahempjuice.com\/wp-content\/uploads\/2017\/02\/image1.jpg\"},{\"@type\":\"BreadcrumbList\",\"@id\":\"https:\/\/sanahempjuice.com\/de\/oekologisch\/#breadcrumb\",\"itemListElement\":[{\"@type\":\"ListItem\",\"position\":1,\"name\":\"Home\",\"item\":\"https:\/\/sanahempjuice.com\/de\/\"},{\"@type\":\"ListItem\",\"position\":2,\"name\":\"\u00d6kologisch\"}]},{\"@type\":\"WebSite\",\"@id\":\"https:\/\/sanahempjuice.com\/#website\",\"url\":\"https:\/\/sanahempjuice.com\/\",\"name\":\"Sana Hemp Juice\",\"description\":\"\",\"potentialAction\":[{\"@type\":\"SearchAction\",\"target\":{\"@type\":\"EntryPoint\",\"urlTemplate\":\"https:\/\/sanahempjuice.com\/?s={search_term_string}\"},\"query-input\":{\"@type\":\"PropertyValueSpecification\",\"valueRequired\":true,\"valueName\":\"search_term_string\"}}],\"inLanguage\":\"de\"}]}<\/script>\n<!-- \/ Yoast SEO plugin. -->","yoast_head_json":{"title":"\u00d6kologisch | Sana Hemp Juice","robots":{"index":"index","follow":"follow","max-snippet":"max-snippet:-1","max-image-preview":"max-image-preview:large","max-video-preview":"max-video-preview:-1"},"canonical":"https:\/\/sanahempjuice.com\/de\/oekologisch\/","og_locale":"de_DE","og_type":"article","og_title":"\u00d6kologisch | Sana Hemp Juice","og_description":"W\u00e4hrend des Wachstums s\u00e4ubert Hanf die Luft, was zu einer CO2-Reduktion f\u00fchrt. Das Hanf dabei [&hellip;]","og_url":"https:\/\/sanahempjuice.com\/de\/oekologisch\/","og_site_name":"Sana Hemp Juice","article_modified_time":"2017-03-09T08:48:34+00:00","og_image":[{"url":"https:\/\/sanahempjuice.com\/wp-content\/uploads\/2017\/02\/image1.jpg","type":"","width":"","height":""}],"twitter_card":"summary_large_image","schema":{"@context":"https:\/\/schema.org","@graph":[{"@type":"WebPage","@id":"https:\/\/sanahempjuice.com\/de\/oekologisch\/","url":"https:\/\/sanahempjuice.com\/de\/oekologisch\/","name":"\u00d6kologisch | Sana Hemp Juice","isPartOf":{"@id":"https:\/\/sanahempjuice.com\/#website"},"primaryImageOfPage":{"@id":"https:\/\/sanahempjuice.com\/de\/oekologisch\/#primaryimage"},"image":{"@id":"https:\/\/sanahempjuice.com\/de\/oekologisch\/#primaryimage"},"thumbnailUrl":"https:\/\/sanahempjuice.com\/wp-content\/uploads\/2017\/02\/image1.jpg","datePublished":"2017-02-13T09:27:38+00:00","dateModified":"2017-03-09T08:48:34+00:00","breadcrumb":{"@id":"https:\/\/sanahempjuice.com\/de\/oekologisch\/#breadcrumb"},"inLanguage":"de","potentialAction":[{"@type":"ReadAction","target":["https:\/\/sanahempjuice.com\/de\/oekologisch\/"]}]},{"@type":"ImageObject","inLanguage":"de","@id":"https:\/\/sanahempjuice.com\/de\/oekologisch\/#primaryimage","url":"https:\/\/sanahempjuice.com\/wp-content\/uploads\/2017\/02\/image1.jpg","contentUrl":"https:\/\/sanahempjuice.com\/wp-content\/uploads\/2017\/02\/image1.jpg"},{"@type":"BreadcrumbList","@id":"https:\/\/sanahempjuice.com\/de\/oekologisch\/#breadcrumb","itemListElement":[{"@type":"ListItem","position":1,"name":"Home","item":"https:\/\/sanahempjuice.com\/de\/"},{"@type":"ListItem","position":2,"name":"\u00d6kologisch"}]},{"@type":"WebSite","@id":"https:\/\/sanahempjuice.com\/#website","url":"https:\/\/sanahempjuice.com\/","name":"Sana Hemp Juice","description":"","potentialAction":[{"@type":"SearchAction","target":{"@type":"EntryPoint","urlTemplate":"https:\/\/sanahempjuice.com\/?s={search_term_string}"},"query-input":{"@type":"PropertyValueSpecification","valueRequired":true,"valueName":"search_term_string"}}],"inLanguage":"de"}]}},"_links":{"self":[{"href":"https:\/\/sanahempjuice.com\/de\/wp-json\/wp\/v2\/pages\/1102","targetHints":{"allow":["GET"]}}],"collection":[{"href":"https:\/\/sanahempjuice.com\/de\/wp-json\/wp\/v2\/pages"}],"about":[{"href":"https:\/\/sanahempjuice.com\/de\/wp-json\/wp\/v2\/types\/page"}],"author":[{"embeddable":true,"href":"https:\/\/sanahempjuice.com\/de\/wp-json\/wp\/v2\/users\/1"}],"replies":[{"embeddable":true,"href":"https:\/\/sanahempjuice.com\/de\/wp-json\/wp\/v2\/comments?post=1102"}],"version-history":[{"count":7,"href":"https:\/\/sanahempjuice.com\/de\/wp-json\/wp\/v2\/pages\/1102\/revisions"}],"predecessor-version":[{"id":1207,"href":"https:\/\/sanahempjuice.com\/de\/wp-json\/wp\/v2\/pages\/1102\/revisions\/1207"}],"wp:attachment":[{"href":"https:\/\/sanahempjuice.com\/de\/wp-json\/wp\/v2\/media?parent=1102"}],"curies":[{"name":"wp","href":"https:\/\/api.w.org\/{rel}","templated":true}]}}