{"id":1113,"date":"2017-02-13T09:33:13","date_gmt":"2017-02-13T09:33:13","guid":{"rendered":"https:\/\/sanahempjuice.com\/de\/?page_id=1113"},"modified":"2017-03-09T08:50:40","modified_gmt":"2017-03-09T08:50:40","slug":"cannabis-sativa","status":"publish","type":"page","link":"https:\/\/sanahempjuice.com\/de\/cannabis-sativa\/","title":{"rendered":"Cannabis Sativa"},"content":{"rendered":"<h2>Hanf vs Marihuana<\/h2>\n<p>Sowohl Hanf als auch Marihuana kommen aus der gleichen Pflanzenfamilie: Cannabis Sativa.<\/p>\n<p>Der Begriff \u201aHanf&#8217; wird im Zusammenhang mit Cannabis Sorten verwendet, die f\u00fcr n\u00fctzliche Zwecke genutzt werden, wie Medizin, Lebensmittel, Kleidung, Baumaterialien, Treibstoff usw.. W\u00e4hrend der Begriff \u201aMarihuana\u2018 nur f\u00fcr Cannabis-Sorten mit psychotropen Substanzen (THC) verwendet wird.<\/p>\n<p>Die Cannabis Sativa Sorten von SANA HEMP sind Epsilon 68, Fedora 17 und Futura 75. Diese Sorten wurden von der Europ\u00e4ischen Union genehmigt.<\/p>\n<p><a href=\"http:\/\/ec.europa.eu\/food\/plant\/plant_propagation_material\/plant_variety_catalogues_databases\/search\/\/public\/index.cfm?event=SearchForm&amp;ctl_type=A\">http:\/\/ec.europa.eu\/food\/plant\/plant_propagation_material\/plant_variety_catalogues_databases\/search\/\/public\/index.cfm?event=SearchForm&amp;ctl_type=A<\/a><\/p>\n<p><img loading=\"lazy\" decoding=\"async\" class=\"alignnone size-full wp-image-1097\" src=\"https:\/\/sanahempjuice.com\/wp-content\/uploads\/2017\/02\/image2.png\" alt=\"image2\" width=\"125\" height=\"126\" srcset=\"https:\/\/sanahempjuice.com\/wp-content\/uploads\/2017\/02\/image2.png 125w, https:\/\/sanahempjuice.com\/wp-content\/uploads\/2017\/02\/image2-100x100.png 100w\" sizes=\"auto, (max-width: 125px) 100vw, 125px\" \/><\/p>\n","protected":false},"excerpt":{"rendered":"<p>Hanf vs Marihuana Sowohl Hanf als auch Marihuana kommen aus der gleichen Pflanzenfamilie: Cannabis Sativa. [&hellip;]<\/p>\n","protected":false},"author":1,"featured_media":0,"parent":0,"menu_order":0,"comment_status":"closed","ping_status":"closed","template":"","meta":{"_acf_changed":false,"footnotes":""},"class_list":["post-1113","page","type-page","status-publish","hentry"],"acf":[],"yoast_head":"<!-- This site is optimized with the Yoast SEO plugin v26.8 - https:\/\/yoast.com\/product\/yoast-seo-wordpress\/ -->\n<title>Cannabis Sativa | Sana Hemp Juice<\/title>\n<meta name=\"robots\" content=\"index, follow, max-snippet:-1, max-image-preview:large, max-video-preview:-1\" \/>\n<link rel=\"canonical\" href=\"https:\/\/sanahempjuice.com\/de\/cannabis-sativa\/\" \/>\n<meta property=\"og:locale\" content=\"de_DE\" \/>\n<meta property=\"og:type\" content=\"article\" \/>\n<meta property=\"og:title\" content=\"Cannabis Sativa | Sana Hemp Juice\" \/>\n<meta property=\"og:description\" content=\"Hanf vs Marihuana Sowohl Hanf als auch Marihuana kommen aus der gleichen Pflanzenfamilie: Cannabis Sativa. [&hellip;]\" \/>\n<meta property=\"og:url\" content=\"https:\/\/sanahempjuice.com\/de\/cannabis-sativa\/\" \/>\n<meta property=\"og:site_name\" content=\"Sana Hemp Juice\" \/>\n<meta property=\"article:modified_time\" content=\"2017-03-09T08:50:40+00:00\" \/>\n<meta property=\"og:image\" content=\"https:\/\/sanahempjuice.com\/wp-content\/uploads\/2017\/02\/image2.png\" \/>\n<meta name=\"twitter:card\" content=\"summary_large_image\" \/>\n<script type=\"application\/ld+json\" class=\"yoast-schema-graph\">{\"@context\":\"https:\/\/schema.org\",\"@graph\":[{\"@type\":\"WebPage\",\"@id\":\"https:\/\/sanahempjuice.com\/de\/cannabis-sativa\/\",\"url\":\"https:\/\/sanahempjuice.com\/de\/cannabis-sativa\/\",\"name\":\"Cannabis Sativa | Sana Hemp Juice\",\"isPartOf\":{\"@id\":\"https:\/\/sanahempjuice.com\/#website\"},\"primaryImageOfPage\":{\"@id\":\"https:\/\/sanahempjuice.com\/de\/cannabis-sativa\/#primaryimage\"},\"image\":{\"@id\":\"https:\/\/sanahempjuice.com\/de\/cannabis-sativa\/#primaryimage\"},\"thumbnailUrl\":\"https:\/\/sanahempjuice.com\/wp-content\/uploads\/2017\/02\/image2.png\",\"datePublished\":\"2017-02-13T09:33:13+00:00\",\"dateModified\":\"2017-03-09T08:50:40+00:00\",\"breadcrumb\":{\"@id\":\"https:\/\/sanahempjuice.com\/de\/cannabis-sativa\/#breadcrumb\"},\"inLanguage\":\"de\",\"potentialAction\":[{\"@type\":\"ReadAction\",\"target\":[\"https:\/\/sanahempjuice.com\/de\/cannabis-sativa\/\"]}]},{\"@type\":\"ImageObject\",\"inLanguage\":\"de\",\"@id\":\"https:\/\/sanahempjuice.com\/de\/cannabis-sativa\/#primaryimage\",\"url\":\"https:\/\/sanahempjuice.com\/wp-content\/uploads\/2017\/02\/image2.png\",\"contentUrl\":\"https:\/\/sanahempjuice.com\/wp-content\/uploads\/2017\/02\/image2.png\"},{\"@type\":\"BreadcrumbList\",\"@id\":\"https:\/\/sanahempjuice.com\/de\/cannabis-sativa\/#breadcrumb\",\"itemListElement\":[{\"@type\":\"ListItem\",\"position\":1,\"name\":\"Home\",\"item\":\"https:\/\/sanahempjuice.com\/de\/\"},{\"@type\":\"ListItem\",\"position\":2,\"name\":\"Cannabis Sativa\"}]},{\"@type\":\"WebSite\",\"@id\":\"https:\/\/sanahempjuice.com\/#website\",\"url\":\"https:\/\/sanahempjuice.com\/\",\"name\":\"Sana Hemp Juice\",\"description\":\"\",\"potentialAction\":[{\"@type\":\"SearchAction\",\"target\":{\"@type\":\"EntryPoint\",\"urlTemplate\":\"https:\/\/sanahempjuice.com\/?s={search_term_string}\"},\"query-input\":{\"@type\":\"PropertyValueSpecification\",\"valueRequired\":true,\"valueName\":\"search_term_string\"}}],\"inLanguage\":\"de\"}]}<\/script>\n<!-- \/ Yoast SEO plugin. -->","yoast_head_json":{"title":"Cannabis Sativa | Sana Hemp Juice","robots":{"index":"index","follow":"follow","max-snippet":"max-snippet:-1","max-image-preview":"max-image-preview:large","max-video-preview":"max-video-preview:-1"},"canonical":"https:\/\/sanahempjuice.com\/de\/cannabis-sativa\/","og_locale":"de_DE","og_type":"article","og_title":"Cannabis Sativa | Sana Hemp Juice","og_description":"Hanf vs Marihuana Sowohl Hanf als auch Marihuana kommen aus der gleichen Pflanzenfamilie: Cannabis Sativa. [&hellip;]","og_url":"https:\/\/sanahempjuice.com\/de\/cannabis-sativa\/","og_site_name":"Sana Hemp Juice","article_modified_time":"2017-03-09T08:50:40+00:00","og_image":[{"url":"https:\/\/sanahempjuice.com\/wp-content\/uploads\/2017\/02\/image2.png","type":"","width":"","height":""}],"twitter_card":"summary_large_image","schema":{"@context":"https:\/\/schema.org","@graph":[{"@type":"WebPage","@id":"https:\/\/sanahempjuice.com\/de\/cannabis-sativa\/","url":"https:\/\/sanahempjuice.com\/de\/cannabis-sativa\/","name":"Cannabis Sativa | Sana Hemp Juice","isPartOf":{"@id":"https:\/\/sanahempjuice.com\/#website"},"primaryImageOfPage":{"@id":"https:\/\/sanahempjuice.com\/de\/cannabis-sativa\/#primaryimage"},"image":{"@id":"https:\/\/sanahempjuice.com\/de\/cannabis-sativa\/#primaryimage"},"thumbnailUrl":"https:\/\/sanahempjuice.com\/wp-content\/uploads\/2017\/02\/image2.png","datePublished":"2017-02-13T09:33:13+00:00","dateModified":"2017-03-09T08:50:40+00:00","breadcrumb":{"@id":"https:\/\/sanahempjuice.com\/de\/cannabis-sativa\/#breadcrumb"},"inLanguage":"de","potentialAction":[{"@type":"ReadAction","target":["https:\/\/sanahempjuice.com\/de\/cannabis-sativa\/"]}]},{"@type":"ImageObject","inLanguage":"de","@id":"https:\/\/sanahempjuice.com\/de\/cannabis-sativa\/#primaryimage","url":"https:\/\/sanahempjuice.com\/wp-content\/uploads\/2017\/02\/image2.png","contentUrl":"https:\/\/sanahempjuice.com\/wp-content\/uploads\/2017\/02\/image2.png"},{"@type":"BreadcrumbList","@id":"https:\/\/sanahempjuice.com\/de\/cannabis-sativa\/#breadcrumb","itemListElement":[{"@type":"ListItem","position":1,"name":"Home","item":"https:\/\/sanahempjuice.com\/de\/"},{"@type":"ListItem","position":2,"name":"Cannabis Sativa"}]},{"@type":"WebSite","@id":"https:\/\/sanahempjuice.com\/#website","url":"https:\/\/sanahempjuice.com\/","name":"Sana Hemp Juice","description":"","potentialAction":[{"@type":"SearchAction","target":{"@type":"EntryPoint","urlTemplate":"https:\/\/sanahempjuice.com\/?s={search_term_string}"},"query-input":{"@type":"PropertyValueSpecification","valueRequired":true,"valueName":"search_term_string"}}],"inLanguage":"de"}]}},"_links":{"self":[{"href":"https:\/\/sanahempjuice.com\/de\/wp-json\/wp\/v2\/pages\/1113","targetHints":{"allow":["GET"]}}],"collection":[{"href":"https:\/\/sanahempjuice.com\/de\/wp-json\/wp\/v2\/pages"}],"about":[{"href":"https:\/\/sanahempjuice.com\/de\/wp-json\/wp\/v2\/types\/page"}],"author":[{"embeddable":true,"href":"https:\/\/sanahempjuice.com\/de\/wp-json\/wp\/v2\/users\/1"}],"replies":[{"embeddable":true,"href":"https:\/\/sanahempjuice.com\/de\/wp-json\/wp\/v2\/comments?post=1113"}],"version-history":[{"count":4,"href":"https:\/\/sanahempjuice.com\/de\/wp-json\/wp\/v2\/pages\/1113\/revisions"}],"predecessor-version":[{"id":1210,"href":"https:\/\/sanahempjuice.com\/de\/wp-json\/wp\/v2\/pages\/1113\/revisions\/1210"}],"wp:attachment":[{"href":"https:\/\/sanahempjuice.com\/de\/wp-json\/wp\/v2\/media?parent=1113"}],"curies":[{"name":"wp","href":"https:\/\/api.w.org\/{rel}","templated":true}]}}