{"id":300,"date":"2016-05-25T10:45:46","date_gmt":"2016-05-25T10:45:46","guid":{"rendered":"http:\/\/sanahemp.blitskikker.nl\/de\/?page_id=300"},"modified":"2020-10-29T08:50:24","modified_gmt":"2020-10-29T08:50:24","slug":"hanf-saft","status":"publish","type":"page","link":"https:\/\/sanahempjuice.com\/de\/hanf-saft\/","title":{"rendered":"Hanf-Saft"},"content":{"rendered":"<div style=\"float: right; margin-left: 15px;\"><\/div>\n<p>Sana Hanf-Saft ist einziger gr\u00fcner unverarbeitete Hanf-Saft, der auf dem europ\u00e4ischen Markt erh\u00e4ltlich ist. Unser gr\u00fcner Saft enth\u00e4lt das volle Spektrum an essentiellen N\u00e4hrstoffen und ist reich an Cannabidiol S\u00e4ure (CBD-A). Die Bl\u00e4tter der Hanf-Pflanze sind die einzigen nat\u00fcrlichen Quellen von CBD-A in der Natur.<\/p>\n<p>Unsere Hanf-Felder sind EU zertifiziert und THC-frei. Die Hanf-Felder liegen in den Niederlanden, wo wir auf jahrzehntelange Erfahrungen unserer Mitarbeiter im Nutzhanfanbau zur\u00fcckgreifen k\u00f6nnen.<\/p>\n<p>Sana Hanf-Saft wird kalt gepresst und anschlie\u00dfend unverarbeitet schockgefroren- der reine gr\u00fcne Saft aus der Natur ist frei von Pestiziden, Pflanzengift, D\u00fcngemittel und Konservierungsstoffen. Wir f\u00fcgen unserem Saft nichts hinzu und nehmen auch nichts weg.<\/p>\n<p>Sana Hanf-Saft ist vordergr\u00fcndig ein gesundes und erfrischendes Getr\u00e4nk, allerdings l\u00e4sst es sich mit unseren Rezepten und Deiner Phantasie unwiderstehlich leckere Speisen zaubern. Unsere Hanf-Speisen sind reich an Vitaminen, Mineralien und Cannabidiol. und bereichern jede Speise.<\/p>\n<div style=\"float: left; width: 47%;\">\n<div id='gallery-1' class='gallery galleryid-300 gallery-columns-3 gallery-size-thumbnail'><figure class='gallery-item'>\n\t\t\t<div class='gallery-icon landscape'>\n\t\t\t\t<a href='https:\/\/sanahempjuice.com\/de\/hanf-saft\/juice2big-2\/'><img loading=\"lazy\" decoding=\"async\" width=\"150\" height=\"139\" src=\"https:\/\/sanahempjuice.com\/wp-content\/uploads\/2016\/05\/juice2big.jpg\" class=\"attachment-thumbnail size-thumbnail\" alt=\"Smoothy with Sana Hemp Juice Powder CBDA CBD\" srcset=\"https:\/\/sanahempjuice.com\/wp-content\/uploads\/2016\/05\/juice2big.jpg 800w, https:\/\/sanahempjuice.com\/wp-content\/uploads\/2016\/05\/juice2big-600x556.jpg 600w\" sizes=\"auto, (max-width: 150px) 100vw, 150px\" \/><\/a>\n\t\t\t<\/div><\/figure><figure class='gallery-item'>\n\t\t\t<div class='gallery-icon landscape'>\n\t\t\t\t<a href='https:\/\/sanahempjuice.com\/de\/hanf-saft\/juice3big-2\/'><img loading=\"lazy\" decoding=\"async\" width=\"150\" height=\"93\" src=\"https:\/\/sanahempjuice.com\/wp-content\/uploads\/2016\/05\/juice3big.jpg\" class=\"attachment-thumbnail size-thumbnail\" alt=\"Ice made with Sana Hemp Juice Powder CBDA CBD\" srcset=\"https:\/\/sanahempjuice.com\/wp-content\/uploads\/2016\/05\/juice3big.jpg 700w, https:\/\/sanahempjuice.com\/wp-content\/uploads\/2016\/05\/juice3big-600x374.jpg 600w\" sizes=\"auto, (max-width: 150px) 100vw, 150px\" \/><\/a>\n\t\t\t<\/div><\/figure><figure class='gallery-item'>\n\t\t\t<div class='gallery-icon portrait'>\n\t\t\t\t<a href='https:\/\/sanahempjuice.com\/de\/hanf-saft\/juice4big-2\/'><img loading=\"lazy\" decoding=\"async\" width=\"101\" height=\"150\" src=\"https:\/\/sanahempjuice.com\/wp-content\/uploads\/2016\/05\/juice4big.jpg\" class=\"attachment-thumbnail size-thumbnail\" alt=\"\" \/><\/a>\n\t\t\t<\/div><\/figure>\n\t\t<\/div>\n\n<\/div>\n<h3>Kraft von Sana-Hanf-Saft<\/h3>\n<p>Schnelllebigkeit und Stress des modernen Alltags l\u00e4sst unseren K\u00f6rper nach Energie und Erholung sehnen. Sana-Hemp-Juice gibt Dir das Beste aus der Natur in Form eines leckeren Saftes. Jedes Glas Sana-Hanf-Saft f\u00f6rdert Dein Immunsystem und vitalisiert den K\u00f6rper, mit einer gro\u00dfen Dosis an Vitaminen, Mineralien, Omega S\u00e4uren und vor allem mit dem einzigartigen Cannabidiol S\u00e4ure!<\/p>\n<p>Die <b>Cannabidiol-S\u00e4ure<\/b> ist ein Heilnahrungsmittel zur Regeneration, Erholung und Steigerung des allgemeinen Wohlbefindens.<\/p>\n<p>Durch die Menschheitsgeschichte hindurch wird Hanf als Nahrungs-und Heilmittel eingesetzt. Mit den neuen Technologien haben wir es geschafft das Beste der Pflanze allen Menschen zur Verf\u00fcgung zu stellen. Jedes einzelne P\u00e4ckchen-Sana-Hanf-Saft wird unmittelbar, nachdem es gepresst und sofort bef\u00fcllt wurde, tiefgefroren. Auf diese Weise k\u00f6nnen wir garantieren, dass unsere Kunden den Hanf-Saft ohne jedweden N\u00e4hrstoffverlust genie\u00dfen k\u00f6nnen<\/p>\n<p><img decoding=\"async\" class=\"alignnone size-full cover wp-image-86\" style=\"height: 23em;\" src=\"\/wp-content\/uploads\/2016\/05\/juice5big.jpg\" alt=\"juice5big\" width=\"800\" srcset=\"https:\/\/sanahempjuice.com\/wp-content\/uploads\/2016\/05\/juice5big.jpg 800w, https:\/\/sanahempjuice.com\/wp-content\/uploads\/2016\/05\/juice5big-600x381.jpg 600w, https:\/\/sanahempjuice.com\/wp-content\/uploads\/2016\/05\/juice5big-300x191.jpg 300w, https:\/\/sanahempjuice.com\/wp-content\/uploads\/2016\/05\/juice5big-768x488.jpg 768w\" sizes=\"(max-width: 800px) 100vw, 800px\" \/><\/p>\n<p>Die gr\u00f6\u00dfte Kraft von Sana-Hanf-Saft ist dem Wirkstoff Cannabidiol-S\u00e4ure zu verdanken. Diese Aminos\u00e4ure findet ihren nat\u00fcrlichen Ursprung ausschlie\u00dflich in der Hanfpflanze. Cannabidiol S\u00e4ure ist ein starker Antioxidans und hilft zur Entgiftung des K\u00f6rpers, au\u00dferdem bringt es unsere Gesundheit ins Gleichgewicht und erh\u00f6ht das Wohlbefinden. <a href=\"\/cannabidiol\">Klicken sie hier<\/a> um die N\u00e4hrstofftabelle des Sana-Hanf-Saftes anzusehen.<\/p>\n<h3>Sana-Hanf-Saft ist:<\/h3>\n<ul>\n<li>EU-Zertifiziert<\/li>\n<li>100% nat\u00fcrlich<\/li>\n<li>Weist h\u00f6chste Konzentration an CBD auf<\/li>\n<\/ul>\n<h3><img loading=\"lazy\" decoding=\"async\" class=\"alignleft wp-image-326 size-full\" src=\"\/wp-content\/uploads\/2016\/05\/juice6.jpg\" alt=\"juice6\" width=\"525\" height=\"207\" srcset=\"https:\/\/sanahempjuice.com\/wp-content\/uploads\/2016\/05\/juice6.jpg 525w, https:\/\/sanahempjuice.com\/wp-content\/uploads\/2016\/05\/juice6-300x118.jpg 300w\" sizes=\"auto, (max-width: 525px) 100vw, 525px\" \/>Keine Nebenwirkungen, nur Gesundheit und Energie<\/h3>\n<p>Nach unserer Ansicht ist es wichtig zu betonen, dass Sana-Hanf-Saft THC-Frei ist und die t\u00e4gliche Einnahme unseres Saftes keinerlei Nebenwirkungen gezeigt. Mit nur einem P\u00e4ckchen Hanf-Saft am Tag sp\u00fcrst Du, wie dein Energiehaushalt sich f\u00fcllt, das Immunsystem sich verbessert und sich dein allgemeines Wohlbefinden steigert.<\/p>\n<p>F\u00fcr mehr Informationen laden Sie sich <a href=\"https:\/\/sanahempjuice.com\/wp-content\/uploads\/2016\/05\/Sana-Hemp-Juice-brochure.pdf\" target=\"_blank\" rel=\"noopener noreferrer\">hier unsere<\/a> Brosch\u00fcre runter.<\/p>\n<h3><\/h3>\n","protected":false},"excerpt":{"rendered":"<p>Sana Hanf-Saft ist einziger gr\u00fcner unverarbeitete Hanf-Saft, der auf dem europ\u00e4ischen Markt erh\u00e4ltlich ist. Unser [&hellip;]<\/p>\n","protected":false},"author":1,"featured_media":0,"parent":0,"menu_order":0,"comment_status":"closed","ping_status":"closed","template":"","meta":{"_acf_changed":false,"footnotes":""},"class_list":["post-300","page","type-page","status-publish","hentry"],"acf":[],"yoast_head":"<!-- This site is optimized with the Yoast SEO plugin v26.8 - https:\/\/yoast.com\/product\/yoast-seo-wordpress\/ -->\n<title>Hanf-Saft | Sana Hemp Juice<\/title>\n<meta name=\"robots\" content=\"index, follow, max-snippet:-1, max-image-preview:large, max-video-preview:-1\" \/>\n<link rel=\"canonical\" href=\"https:\/\/sanahempjuice.com\/de\/hanf-saft\/\" \/>\n<meta property=\"og:locale\" content=\"de_DE\" \/>\n<meta property=\"og:type\" content=\"article\" \/>\n<meta property=\"og:title\" content=\"Hanf-Saft | Sana Hemp Juice\" \/>\n<meta property=\"og:description\" content=\"Sana Hanf-Saft ist einziger gr\u00fcner unverarbeitete Hanf-Saft, der auf dem europ\u00e4ischen Markt erh\u00e4ltlich ist. Unser [&hellip;]\" \/>\n<meta property=\"og:url\" content=\"https:\/\/sanahempjuice.com\/de\/hanf-saft\/\" \/>\n<meta property=\"og:site_name\" content=\"Sana Hemp Juice\" \/>\n<meta property=\"article:modified_time\" content=\"2020-10-29T08:50:24+00:00\" \/>\n<meta property=\"og:image\" content=\"https:\/\/sanahempjuice.com\/wp-content\/uploads\/2016\/05\/juice2big.jpg\" \/>\n<meta name=\"twitter:card\" content=\"summary_large_image\" \/>\n<meta name=\"twitter:label1\" content=\"Gesch\u00e4tzte Lesezeit\" \/>\n\t<meta name=\"twitter:data1\" content=\"2\u00a0Minuten\" \/>\n<script type=\"application\/ld+json\" class=\"yoast-schema-graph\">{\"@context\":\"https:\/\/schema.org\",\"@graph\":[{\"@type\":\"WebPage\",\"@id\":\"https:\/\/sanahempjuice.com\/de\/hanf-saft\/\",\"url\":\"https:\/\/sanahempjuice.com\/de\/hanf-saft\/\",\"name\":\"Hanf-Saft | Sana Hemp Juice\",\"isPartOf\":{\"@id\":\"https:\/\/sanahempjuice.com\/#website\"},\"datePublished\":\"2016-05-25T10:45:46+00:00\",\"dateModified\":\"2020-10-29T08:50:24+00:00\",\"breadcrumb\":{\"@id\":\"https:\/\/sanahempjuice.com\/de\/hanf-saft\/#breadcrumb\"},\"inLanguage\":\"de\",\"potentialAction\":[{\"@type\":\"ReadAction\",\"target\":[\"https:\/\/sanahempjuice.com\/de\/hanf-saft\/\"]}]},{\"@type\":\"BreadcrumbList\",\"@id\":\"https:\/\/sanahempjuice.com\/de\/hanf-saft\/#breadcrumb\",\"itemListElement\":[{\"@type\":\"ListItem\",\"position\":1,\"name\":\"Home\",\"item\":\"https:\/\/sanahempjuice.com\/de\/\"},{\"@type\":\"ListItem\",\"position\":2,\"name\":\"Hanf-Saft\"}]},{\"@type\":\"WebSite\",\"@id\":\"https:\/\/sanahempjuice.com\/#website\",\"url\":\"https:\/\/sanahempjuice.com\/\",\"name\":\"Sana Hemp Juice\",\"description\":\"\",\"potentialAction\":[{\"@type\":\"SearchAction\",\"target\":{\"@type\":\"EntryPoint\",\"urlTemplate\":\"https:\/\/sanahempjuice.com\/?s={search_term_string}\"},\"query-input\":{\"@type\":\"PropertyValueSpecification\",\"valueRequired\":true,\"valueName\":\"search_term_string\"}}],\"inLanguage\":\"de\"}]}<\/script>\n<!-- \/ Yoast SEO plugin. -->","yoast_head_json":{"title":"Hanf-Saft | Sana Hemp Juice","robots":{"index":"index","follow":"follow","max-snippet":"max-snippet:-1","max-image-preview":"max-image-preview:large","max-video-preview":"max-video-preview:-1"},"canonical":"https:\/\/sanahempjuice.com\/de\/hanf-saft\/","og_locale":"de_DE","og_type":"article","og_title":"Hanf-Saft | Sana Hemp Juice","og_description":"Sana Hanf-Saft ist einziger gr\u00fcner unverarbeitete Hanf-Saft, der auf dem europ\u00e4ischen Markt erh\u00e4ltlich ist. Unser [&hellip;]","og_url":"https:\/\/sanahempjuice.com\/de\/hanf-saft\/","og_site_name":"Sana Hemp Juice","article_modified_time":"2020-10-29T08:50:24+00:00","og_image":[{"url":"https:\/\/sanahempjuice.com\/wp-content\/uploads\/2016\/05\/juice2big.jpg","type":"","width":"","height":""}],"twitter_card":"summary_large_image","twitter_misc":{"Gesch\u00e4tzte Lesezeit":"2\u00a0Minuten"},"schema":{"@context":"https:\/\/schema.org","@graph":[{"@type":"WebPage","@id":"https:\/\/sanahempjuice.com\/de\/hanf-saft\/","url":"https:\/\/sanahempjuice.com\/de\/hanf-saft\/","name":"Hanf-Saft | Sana Hemp Juice","isPartOf":{"@id":"https:\/\/sanahempjuice.com\/#website"},"datePublished":"2016-05-25T10:45:46+00:00","dateModified":"2020-10-29T08:50:24+00:00","breadcrumb":{"@id":"https:\/\/sanahempjuice.com\/de\/hanf-saft\/#breadcrumb"},"inLanguage":"de","potentialAction":[{"@type":"ReadAction","target":["https:\/\/sanahempjuice.com\/de\/hanf-saft\/"]}]},{"@type":"BreadcrumbList","@id":"https:\/\/sanahempjuice.com\/de\/hanf-saft\/#breadcrumb","itemListElement":[{"@type":"ListItem","position":1,"name":"Home","item":"https:\/\/sanahempjuice.com\/de\/"},{"@type":"ListItem","position":2,"name":"Hanf-Saft"}]},{"@type":"WebSite","@id":"https:\/\/sanahempjuice.com\/#website","url":"https:\/\/sanahempjuice.com\/","name":"Sana Hemp Juice","description":"","potentialAction":[{"@type":"SearchAction","target":{"@type":"EntryPoint","urlTemplate":"https:\/\/sanahempjuice.com\/?s={search_term_string}"},"query-input":{"@type":"PropertyValueSpecification","valueRequired":true,"valueName":"search_term_string"}}],"inLanguage":"de"}]}},"_links":{"self":[{"href":"https:\/\/sanahempjuice.com\/de\/wp-json\/wp\/v2\/pages\/300","targetHints":{"allow":["GET"]}}],"collection":[{"href":"https:\/\/sanahempjuice.com\/de\/wp-json\/wp\/v2\/pages"}],"about":[{"href":"https:\/\/sanahempjuice.com\/de\/wp-json\/wp\/v2\/types\/page"}],"author":[{"embeddable":true,"href":"https:\/\/sanahempjuice.com\/de\/wp-json\/wp\/v2\/users\/1"}],"replies":[{"embeddable":true,"href":"https:\/\/sanahempjuice.com\/de\/wp-json\/wp\/v2\/comments?post=300"}],"version-history":[{"count":17,"href":"https:\/\/sanahempjuice.com\/de\/wp-json\/wp\/v2\/pages\/300\/revisions"}],"predecessor-version":[{"id":2562,"href":"https:\/\/sanahempjuice.com\/de\/wp-json\/wp\/v2\/pages\/300\/revisions\/2562"}],"wp:attachment":[{"href":"https:\/\/sanahempjuice.com\/de\/wp-json\/wp\/v2\/media?parent=300"}],"curies":[{"name":"wp","href":"https:\/\/api.w.org\/{rel}","templated":true}]}}