{"id":3256,"date":"2024-01-11T12:59:13","date_gmt":"2024-01-11T10:59:13","guid":{"rendered":"https:\/\/sanahempjuice.com\/?page_id=3256"},"modified":"2025-09-24T13:35:27","modified_gmt":"2025-09-24T11:35:27","slug":"datenschutzerklarung","status":"publish","type":"page","link":"https:\/\/sanahempjuice.com\/de\/datenschutzerklarung\/","title":{"rendered":"Datenschutzerklarung"},"content":{"rendered":"<p>Dun Agro Plant Products BV ist bestrebt, Ihnen qualitativ hochwertige Dienstleistungen zu bieten, und diese Richtlinie beschreibt unsere laufenden Verpflichtungen Ihnen gegen\u00fcber in Bezug auf den Umgang mit Ihren personenbezogenen Daten.<\/p>\n<p>Wir haben die Australian Privacy Principles (APPs) im Privacy Act 1988 (Cth) (der Privacy Act) \u00fcbernommen. Die NPPs regeln, wie wir Ihre personenbezogenen Daten erheben, verwenden, offenlegen, speichern, sichern und l\u00f6schen.<\/p>\n<p>Eine Kopie der australischen Datenschutzrichtlinie ist auf der Website des Office of the Australian Information Commissioner unter www.aoic.gov.au verf\u00fcgbar<\/p>\n<h2>Was sind personenbezogene Daten und warum sammeln wir sie Was sind personenbezogene Daten und warum sammeln wir sie?<\/h2>\n<p>Personenbezogene Daten sind Informationen oder Meinungen, die eine Person identifizieren. Beispiele f\u00fcr von uns erfasste personenbezogene Daten sind: Namen, Adressen, E-Mail-Adressen, Telefon- und Faxnummern.<\/p>\n<p>Diese personenbezogenen Daten werden auf vielf\u00e4ltige Weise erhoben, einschlie\u00dflich Interviews, Korrespondenz, per Telefon und Fax, per E-Mail, von unserer Website www.sanahempjuice.com, von Ihrer Website, aus Medien und Ver\u00f6ffentlichungen, aus anderen \u00f6ffentlich zug\u00e4nglichen Quellen, aus Cookies und von Dritten. Wir garantieren keine Website-Links oder Richtlinien von autorisierten Dritten.<\/p>\n<p>Wir erheben Ihre personenbezogenen Daten f\u00fcr die Hauptzwecke der Bereitstellung unserer Dienstleistungen f\u00fcr Sie, der Bereitstellung von Informationen f\u00fcr unsere Kunden und des Marketings. Wir k\u00f6nnen Ihre personenbezogenen Daten auch f\u00fcr sekund\u00e4re Zwecke verwenden, die eng mit dem prim\u00e4ren Zweck verbunden sind, unter Umst\u00e4nden, in denen Sie eine solche Verwendung oder Offenlegung vern\u00fcnftigerweise erwarten w\u00fcrden. Sie k\u00f6nnen sich jederzeit von unseren Mailing-\/Marketinglisten abmelden, indem Sie uns schriftlich kontaktieren.<\/p>\n<p>Wenn wir personenbezogene Daten erheben, erkl\u00e4ren wir Ihnen gegebenenfalls und nach M\u00f6glichkeit, warum wir die Daten erheben und wie wir sie verwenden wollen.<\/p>\n<h2>Heikle Informationen<\/h2>\n<p>Sensible Informationen sind im Datenschutzgesetz definiert als Informationen oder Meinungen \u00fcber die Rasse oder ethnische Herkunft einer Person, politische Meinungen, Mitgliedschaft in einer politischen Vereinigung, religi\u00f6se oder philosophische \u00dcberzeugungen, Mitgliedschaft in einer Gewerkschaft oder einem anderen Berufsverband, Vorstrafen oder Gesundheitsinformationen.<\/p>\n<p>Sensible Informationen werden von uns nur verwendet:<\/p>\n<ul>\n<li>F\u00fcr den Hauptzweck, f\u00fcr den es erhalten wurde<\/li>\n<li>F\u00fcr einen sekund\u00e4ren Zweck, der direkt mit dem prim\u00e4ren Zweck verbunden ist<\/li>\n<li>Mit deiner Erlaubnis; oder wenn gesetzlich vorgeschrieben oder zul\u00e4ssig.<\/li>\n<\/ul>\n<h2>Dritte<\/h2>\n<p>Soweit dies angemessen und praktikabel ist, erheben wir Ihre personenbezogenen Daten nur von Ihnen. Unter Umst\u00e4nden erhalten wir jedoch Informationen von Dritten. In einem solchen Fall werden wir angemessene Schritte unternehmen, um sicherzustellen, dass Sie \u00fcber die Informationen informiert werden, die uns der Dritte zur Verf\u00fcgung gestellt hat.<\/p>\n<p>Offenlegung personenbezogener Daten<\/p>\n<p>Ihre personenbezogenen Daten k\u00f6nnen unter einer Reihe von Umst\u00e4nden offengelegt werden, einschlie\u00dflich:<\/p>\n<ul>\n<li>Dritte, bei denen Sie der Verwendung oder Offenlegung zustimmen; und<\/li>\n<li>Sofern gesetzlich vorgeschrieben oder zul\u00e4ssig.<\/li>\n<\/ul>\n<h2>Sicherheit personenbezogener Daten<\/h2>\n<p>Ihre personenbezogenen Daten werden so gespeichert, dass sie angemessen vor Missbrauch und Verlust sowie vor unbefugtem Zugriff, \u00c4nderung oder Offenlegung gesch\u00fctzt sind.<\/p>\n<p>Wenn Ihre personenbezogenen Daten f\u00fcr den Zweck, f\u00fcr den sie erhoben wurden, nicht mehr erforderlich sind, werden wir angemessene Schritte unternehmen, um Ihre personenbezogenen Daten zu vernichten oder dauerhaft zu anonymisieren. Die meisten personenbezogenen Daten werden jedoch in Kundendateien gespeichert, die von uns mindestens 7 Jahre aufbewahrt werden.<\/p>\n<h2>Zugriff auf Ihre pers\u00f6nlichen Daten<\/h2>\n<p>Vorbehaltlich bestimmter Ausnahmen k\u00f6nnen Sie auf die von uns \u00fcber Sie gespeicherten personenbezogenen Daten zugreifen und diese aktualisieren und\/oder korrigieren. Wenn Sie auf Ihre personenbezogenen Daten zugreifen m\u00f6chten, wenden Sie sich bitte schriftlich an uns.<\/p>\n<p>Dun Agro Plant Products BV erhebt keine Geb\u00fchr f\u00fcr Ihre Zugangsanfrage, kann jedoch eine Verwaltungsgeb\u00fchr f\u00fcr die Bereitstellung einer Kopie Ihrer personenbezogenen Daten erheben.<\/p>\n<p>Um Ihre personenbezogenen Daten zu sch\u00fctzen, k\u00f6nnen wir von Ihnen eine Identifizierung verlangen, bevor wir die angeforderten Informationen offenlegen.<\/p>\n<h2>Bewahren Sie die Qualit\u00e4t Ihrer personenbezogenen Daten<\/h2>\n<p>Wir halten es f\u00fcr wichtig, dass Ihre personenbezogenen Daten aktuell sind. Wir werden angemessene Schritte unternehmen, um sicherzustellen, dass Ihre personenbezogenen Daten richtig, vollst\u00e4ndig und aktuell sind. Wenn Sie der Meinung sind, dass die uns vorliegenden Informationen nicht aktuell oder ungenau sind, teilen Sie uns dies bitte so schnell wie m\u00f6glich mit, damit wir unsere Aufzeichnungen aktualisieren und sicherstellen k\u00f6nnen, dass wir Ihnen weiterhin qualitativ hochwertige Dienstleistungen anbieten k\u00f6nnen.<\/p>\n<h2>Richtlinien Update<\/h2>\n<p>Diese Richtlinie kann sich von Zeit zu Zeit \u00e4ndern und ist auf unserer Website verf\u00fcgbar.<\/p>\n<h2>Beschwerden und Fragen zum Datenschutz<\/h2>\n<p>Wenn Sie Fragen oder Beschwerden zu unserer Datenschutzrichtlinie haben, kontaktieren Sie uns bitte unter:<\/p>\n<p>Raadhuisweg 11, 9665 JE Oude Pekela<\/p>\n<p><a href=\"mailto:info@sanahemp.com\">info.dpp@dunagro.nl<\/a><\/p>\n<p>+31 597 67 55 92<\/p>\n","protected":false},"excerpt":{"rendered":"<p>Dun Agro Plant Products BV ist bestrebt, Ihnen qualitativ hochwertige Dienstleistungen zu bieten, und diese [&hellip;]<\/p>\n","protected":false},"author":1,"featured_media":0,"parent":0,"menu_order":0,"comment_status":"closed","ping_status":"closed","template":"","meta":{"_acf_changed":false,"footnotes":""},"class_list":["post-3256","page","type-page","status-publish","hentry"],"acf":[],"yoast_head":"<!-- This site is optimized with the Yoast SEO plugin v26.8 - https:\/\/yoast.com\/product\/yoast-seo-wordpress\/ -->\n<title>Datenschutzerklarung | Sana Hemp Juice<\/title>\n<meta name=\"robots\" content=\"index, follow, max-snippet:-1, max-image-preview:large, max-video-preview:-1\" \/>\n<link rel=\"canonical\" href=\"https:\/\/sanahempjuice.com\/de\/datenschutzerklarung\/\" \/>\n<meta property=\"og:locale\" content=\"de_DE\" \/>\n<meta property=\"og:type\" content=\"article\" \/>\n<meta property=\"og:title\" content=\"Datenschutzerklarung | Sana Hemp Juice\" \/>\n<meta property=\"og:description\" content=\"Dun Agro Plant Products BV ist bestrebt, Ihnen qualitativ hochwertige Dienstleistungen zu bieten, und diese [&hellip;]\" \/>\n<meta property=\"og:url\" content=\"https:\/\/sanahempjuice.com\/de\/datenschutzerklarung\/\" \/>\n<meta property=\"og:site_name\" content=\"Sana Hemp Juice\" \/>\n<meta property=\"article:modified_time\" content=\"2025-09-24T11:35:27+00:00\" \/>\n<meta name=\"twitter:card\" content=\"summary_large_image\" \/>\n<meta name=\"twitter:label1\" content=\"Gesch\u00e4tzte Lesezeit\" \/>\n\t<meta name=\"twitter:data1\" content=\"4\u00a0Minuten\" \/>\n<script type=\"application\/ld+json\" class=\"yoast-schema-graph\">{\"@context\":\"https:\/\/schema.org\",\"@graph\":[{\"@type\":\"WebPage\",\"@id\":\"https:\/\/sanahempjuice.com\/de\/datenschutzerklarung\/\",\"url\":\"https:\/\/sanahempjuice.com\/de\/datenschutzerklarung\/\",\"name\":\"Datenschutzerklarung | Sana Hemp Juice\",\"isPartOf\":{\"@id\":\"https:\/\/sanahempjuice.com\/#website\"},\"datePublished\":\"2024-01-11T10:59:13+00:00\",\"dateModified\":\"2025-09-24T11:35:27+00:00\",\"breadcrumb\":{\"@id\":\"https:\/\/sanahempjuice.com\/de\/datenschutzerklarung\/#breadcrumb\"},\"inLanguage\":\"de\",\"potentialAction\":[{\"@type\":\"ReadAction\",\"target\":[\"https:\/\/sanahempjuice.com\/de\/datenschutzerklarung\/\"]}]},{\"@type\":\"BreadcrumbList\",\"@id\":\"https:\/\/sanahempjuice.com\/de\/datenschutzerklarung\/#breadcrumb\",\"itemListElement\":[{\"@type\":\"ListItem\",\"position\":1,\"name\":\"Home\",\"item\":\"https:\/\/sanahempjuice.com\/de\/\"},{\"@type\":\"ListItem\",\"position\":2,\"name\":\"Datenschutzerklarung\"}]},{\"@type\":\"WebSite\",\"@id\":\"https:\/\/sanahempjuice.com\/#website\",\"url\":\"https:\/\/sanahempjuice.com\/\",\"name\":\"Sana Hemp Juice\",\"description\":\"\",\"potentialAction\":[{\"@type\":\"SearchAction\",\"target\":{\"@type\":\"EntryPoint\",\"urlTemplate\":\"https:\/\/sanahempjuice.com\/?s={search_term_string}\"},\"query-input\":{\"@type\":\"PropertyValueSpecification\",\"valueRequired\":true,\"valueName\":\"search_term_string\"}}],\"inLanguage\":\"de\"}]}<\/script>\n<!-- \/ Yoast SEO plugin. -->","yoast_head_json":{"title":"Datenschutzerklarung | Sana Hemp Juice","robots":{"index":"index","follow":"follow","max-snippet":"max-snippet:-1","max-image-preview":"max-image-preview:large","max-video-preview":"max-video-preview:-1"},"canonical":"https:\/\/sanahempjuice.com\/de\/datenschutzerklarung\/","og_locale":"de_DE","og_type":"article","og_title":"Datenschutzerklarung | Sana Hemp Juice","og_description":"Dun Agro Plant Products BV ist bestrebt, Ihnen qualitativ hochwertige Dienstleistungen zu bieten, und diese [&hellip;]","og_url":"https:\/\/sanahempjuice.com\/de\/datenschutzerklarung\/","og_site_name":"Sana Hemp Juice","article_modified_time":"2025-09-24T11:35:27+00:00","twitter_card":"summary_large_image","twitter_misc":{"Gesch\u00e4tzte Lesezeit":"4\u00a0Minuten"},"schema":{"@context":"https:\/\/schema.org","@graph":[{"@type":"WebPage","@id":"https:\/\/sanahempjuice.com\/de\/datenschutzerklarung\/","url":"https:\/\/sanahempjuice.com\/de\/datenschutzerklarung\/","name":"Datenschutzerklarung | Sana Hemp Juice","isPartOf":{"@id":"https:\/\/sanahempjuice.com\/#website"},"datePublished":"2024-01-11T10:59:13+00:00","dateModified":"2025-09-24T11:35:27+00:00","breadcrumb":{"@id":"https:\/\/sanahempjuice.com\/de\/datenschutzerklarung\/#breadcrumb"},"inLanguage":"de","potentialAction":[{"@type":"ReadAction","target":["https:\/\/sanahempjuice.com\/de\/datenschutzerklarung\/"]}]},{"@type":"BreadcrumbList","@id":"https:\/\/sanahempjuice.com\/de\/datenschutzerklarung\/#breadcrumb","itemListElement":[{"@type":"ListItem","position":1,"name":"Home","item":"https:\/\/sanahempjuice.com\/de\/"},{"@type":"ListItem","position":2,"name":"Datenschutzerklarung"}]},{"@type":"WebSite","@id":"https:\/\/sanahempjuice.com\/#website","url":"https:\/\/sanahempjuice.com\/","name":"Sana Hemp Juice","description":"","potentialAction":[{"@type":"SearchAction","target":{"@type":"EntryPoint","urlTemplate":"https:\/\/sanahempjuice.com\/?s={search_term_string}"},"query-input":{"@type":"PropertyValueSpecification","valueRequired":true,"valueName":"search_term_string"}}],"inLanguage":"de"}]}},"_links":{"self":[{"href":"https:\/\/sanahempjuice.com\/de\/wp-json\/wp\/v2\/pages\/3256","targetHints":{"allow":["GET"]}}],"collection":[{"href":"https:\/\/sanahempjuice.com\/de\/wp-json\/wp\/v2\/pages"}],"about":[{"href":"https:\/\/sanahempjuice.com\/de\/wp-json\/wp\/v2\/types\/page"}],"author":[{"embeddable":true,"href":"https:\/\/sanahempjuice.com\/de\/wp-json\/wp\/v2\/users\/1"}],"replies":[{"embeddable":true,"href":"https:\/\/sanahempjuice.com\/de\/wp-json\/wp\/v2\/comments?post=3256"}],"version-history":[{"count":3,"href":"https:\/\/sanahempjuice.com\/de\/wp-json\/wp\/v2\/pages\/3256\/revisions"}],"predecessor-version":[{"id":3410,"href":"https:\/\/sanahempjuice.com\/de\/wp-json\/wp\/v2\/pages\/3256\/revisions\/3410"}],"wp:attachment":[{"href":"https:\/\/sanahempjuice.com\/de\/wp-json\/wp\/v2\/media?parent=3256"}],"curies":[{"name":"wp","href":"https:\/\/api.w.org\/{rel}","templated":true}]}}