{"id":346,"date":"2016-05-25T12:43:24","date_gmt":"2016-05-25T12:43:24","guid":{"rendered":"http:\/\/sanahemp.blitskikker.nl\/de\/?page_id=346"},"modified":"2018-04-03T20:34:17","modified_gmt":"2018-04-03T20:34:17","slug":"endocannabinoid-system","status":"publish","type":"page","link":"https:\/\/sanahempjuice.com\/de\/endocannabinoid-system\/","title":{"rendered":"Endocannabinoid-System"},"content":{"rendered":"<h2>Das Endocannabinoid-System<\/h2>\n<p>Endocannabinoid-Rezeptoren sind im ganzen K\u00f6rper verteilt \u2013 in den Organen, im Bindegewebe, in den Dr\u00fcsen, in den Immunzellen, usw.<\/p>\n<p>Das Endocannabinoid-System umfasst zwei Haupttypen von Rezeptoren, die sich mit Cannabinoide binden: CB1 und CB2. Anders als THC, das\u00a0direkt in den CB1-Rezeptor passt, passt Cannabidiol nicht in jede Art von Rezeptor. Stattdessen regt es Aktivit\u00e4t an\u00a0beiden Rezeptoren, ohne sich mit ihnen zu binden. Dies f\u00fchrt zu Ver\u00e4nderungen in allen Zellen, die einen der beiden Rezeptoren enthalten. Weil CB1 und CB2-Rezeptoren \u00fcberall im K\u00f6rper verteilt sind, sind die Wirkungen von CBD systemisch.<\/p>\n<p><img loading=\"lazy\" decoding=\"async\" class=\"alignnone wp-image-1070\" style=\"padding-left: 2em; margin-right: 3em;\" src=\"https:\/\/sanahempjuice.com\/wp-content\/uploads\/2016\/05\/Schermafbeelding-2017-02-13-om-09.36.43.png\" alt=\"Schermafbeelding 2017-02-13 om 09.36.43\" width=\"200\" height=\"500\" srcset=\"https:\/\/sanahempjuice.com\/wp-content\/uploads\/2016\/05\/Schermafbeelding-2017-02-13-om-09.36.43.png 284w, https:\/\/sanahempjuice.com\/wp-content\/uploads\/2016\/05\/Schermafbeelding-2017-02-13-om-09.36.43-120x300.png 120w\" sizes=\"auto, (max-width: 200px) 100vw, 200px\" \/> <img loading=\"lazy\" decoding=\"async\" class=\"alignnone size-full wp-image-1067\" src=\"https:\/\/sanahempjuice.com\/wp-content\/uploads\/2016\/05\/endocannabinoid_system.jpg\" alt=\"endocannabinoid_system\" width=\"575\" height=\"285\" srcset=\"https:\/\/sanahempjuice.com\/wp-content\/uploads\/2016\/05\/endocannabinoid_system.jpg 575w, https:\/\/sanahempjuice.com\/wp-content\/uploads\/2016\/05\/endocannabinoid_system-300x149.jpg 300w\" sizes=\"auto, (max-width: 575px) 100vw, 575px\" \/><\/p>\n<h2 class=\"p1\"><\/h2>\n","protected":false},"excerpt":{"rendered":"<p>Das Endocannabinoid-System Endocannabinoid-Rezeptoren sind im ganzen K\u00f6rper verteilt \u2013 in den Organen, im Bindegewebe, in [&hellip;]<\/p>\n","protected":false},"author":1,"featured_media":0,"parent":0,"menu_order":0,"comment_status":"closed","ping_status":"closed","template":"","meta":{"_acf_changed":false,"footnotes":""},"class_list":["post-346","page","type-page","status-publish","hentry"],"acf":[],"yoast_head":"<!-- This site is optimized with the Yoast SEO plugin v26.8 - https:\/\/yoast.com\/product\/yoast-seo-wordpress\/ -->\n<title>Gro\u00dfe St\u00e4rke des Cannabidiols<\/title>\n<meta name=\"description\" content=\"Cannabidiol ist ein Inhaltsstoff der Hanfpflanze, der keinerlei psychoactive Wirkung hat, sondern nur die Selbstheilungskr\u00e4fte des K\u00f6rpers f\u00f6rdert.\" \/>\n<meta name=\"robots\" content=\"index, follow, max-snippet:-1, max-image-preview:large, max-video-preview:-1\" \/>\n<link rel=\"canonical\" href=\"https:\/\/sanahempjuice.com\/de\/endocannabinoid-system\/\" \/>\n<meta property=\"og:locale\" content=\"de_DE\" \/>\n<meta property=\"og:type\" content=\"article\" \/>\n<meta property=\"og:title\" content=\"Gro\u00dfe St\u00e4rke des Cannabidiols\" \/>\n<meta property=\"og:description\" content=\"Cannabidiol ist ein Inhaltsstoff der Hanfpflanze, der keinerlei psychoactive Wirkung hat, sondern nur die Selbstheilungskr\u00e4fte des K\u00f6rpers f\u00f6rdert.\" \/>\n<meta property=\"og:url\" content=\"https:\/\/sanahempjuice.com\/de\/endocannabinoid-system\/\" \/>\n<meta property=\"og:site_name\" content=\"Sana Hemp Juice\" \/>\n<meta property=\"article:modified_time\" content=\"2018-04-03T20:34:17+00:00\" \/>\n<meta property=\"og:image\" content=\"https:\/\/sanahempjuice.com\/wp-content\/uploads\/2016\/05\/Schermafbeelding-2017-02-13-om-09.36.43.png\" \/>\n<meta name=\"twitter:card\" content=\"summary_large_image\" \/>\n<meta name=\"twitter:label1\" content=\"Gesch\u00e4tzte Lesezeit\" \/>\n\t<meta name=\"twitter:data1\" content=\"1\u00a0Minute\" \/>\n<script type=\"application\/ld+json\" class=\"yoast-schema-graph\">{\"@context\":\"https:\/\/schema.org\",\"@graph\":[{\"@type\":\"WebPage\",\"@id\":\"https:\/\/sanahempjuice.com\/de\/endocannabinoid-system\/\",\"url\":\"https:\/\/sanahempjuice.com\/de\/endocannabinoid-system\/\",\"name\":\"Gro\u00dfe St\u00e4rke des Cannabidiols\",\"isPartOf\":{\"@id\":\"https:\/\/sanahempjuice.com\/#website\"},\"primaryImageOfPage\":{\"@id\":\"https:\/\/sanahempjuice.com\/de\/endocannabinoid-system\/#primaryimage\"},\"image\":{\"@id\":\"https:\/\/sanahempjuice.com\/de\/endocannabinoid-system\/#primaryimage\"},\"thumbnailUrl\":\"https:\/\/sanahempjuice.com\/wp-content\/uploads\/2016\/05\/Schermafbeelding-2017-02-13-om-09.36.43.png\",\"datePublished\":\"2016-05-25T12:43:24+00:00\",\"dateModified\":\"2018-04-03T20:34:17+00:00\",\"description\":\"Cannabidiol ist ein Inhaltsstoff der Hanfpflanze, der keinerlei psychoactive Wirkung hat, sondern nur die Selbstheilungskr\u00e4fte des K\u00f6rpers f\u00f6rdert.\",\"breadcrumb\":{\"@id\":\"https:\/\/sanahempjuice.com\/de\/endocannabinoid-system\/#breadcrumb\"},\"inLanguage\":\"de\",\"potentialAction\":[{\"@type\":\"ReadAction\",\"target\":[\"https:\/\/sanahempjuice.com\/de\/endocannabinoid-system\/\"]}]},{\"@type\":\"ImageObject\",\"inLanguage\":\"de\",\"@id\":\"https:\/\/sanahempjuice.com\/de\/endocannabinoid-system\/#primaryimage\",\"url\":\"https:\/\/sanahempjuice.com\/wp-content\/uploads\/2016\/05\/Schermafbeelding-2017-02-13-om-09.36.43.png\",\"contentUrl\":\"https:\/\/sanahempjuice.com\/wp-content\/uploads\/2016\/05\/Schermafbeelding-2017-02-13-om-09.36.43.png\"},{\"@type\":\"BreadcrumbList\",\"@id\":\"https:\/\/sanahempjuice.com\/de\/endocannabinoid-system\/#breadcrumb\",\"itemListElement\":[{\"@type\":\"ListItem\",\"position\":1,\"name\":\"Home\",\"item\":\"https:\/\/sanahempjuice.com\/de\/\"},{\"@type\":\"ListItem\",\"position\":2,\"name\":\"Endocannabinoid-System\"}]},{\"@type\":\"WebSite\",\"@id\":\"https:\/\/sanahempjuice.com\/#website\",\"url\":\"https:\/\/sanahempjuice.com\/\",\"name\":\"Sana Hemp Juice\",\"description\":\"\",\"potentialAction\":[{\"@type\":\"SearchAction\",\"target\":{\"@type\":\"EntryPoint\",\"urlTemplate\":\"https:\/\/sanahempjuice.com\/?s={search_term_string}\"},\"query-input\":{\"@type\":\"PropertyValueSpecification\",\"valueRequired\":true,\"valueName\":\"search_term_string\"}}],\"inLanguage\":\"de\"}]}<\/script>\n<!-- \/ Yoast SEO plugin. -->","yoast_head_json":{"title":"Gro\u00dfe St\u00e4rke des Cannabidiols","description":"Cannabidiol ist ein Inhaltsstoff der Hanfpflanze, der keinerlei psychoactive Wirkung hat, sondern nur die Selbstheilungskr\u00e4fte des K\u00f6rpers f\u00f6rdert.","robots":{"index":"index","follow":"follow","max-snippet":"max-snippet:-1","max-image-preview":"max-image-preview:large","max-video-preview":"max-video-preview:-1"},"canonical":"https:\/\/sanahempjuice.com\/de\/endocannabinoid-system\/","og_locale":"de_DE","og_type":"article","og_title":"Gro\u00dfe St\u00e4rke des Cannabidiols","og_description":"Cannabidiol ist ein Inhaltsstoff der Hanfpflanze, der keinerlei psychoactive Wirkung hat, sondern nur die Selbstheilungskr\u00e4fte des K\u00f6rpers f\u00f6rdert.","og_url":"https:\/\/sanahempjuice.com\/de\/endocannabinoid-system\/","og_site_name":"Sana Hemp Juice","article_modified_time":"2018-04-03T20:34:17+00:00","og_image":[{"url":"https:\/\/sanahempjuice.com\/wp-content\/uploads\/2016\/05\/Schermafbeelding-2017-02-13-om-09.36.43.png","type":"","width":"","height":""}],"twitter_card":"summary_large_image","twitter_misc":{"Gesch\u00e4tzte Lesezeit":"1\u00a0Minute"},"schema":{"@context":"https:\/\/schema.org","@graph":[{"@type":"WebPage","@id":"https:\/\/sanahempjuice.com\/de\/endocannabinoid-system\/","url":"https:\/\/sanahempjuice.com\/de\/endocannabinoid-system\/","name":"Gro\u00dfe St\u00e4rke des Cannabidiols","isPartOf":{"@id":"https:\/\/sanahempjuice.com\/#website"},"primaryImageOfPage":{"@id":"https:\/\/sanahempjuice.com\/de\/endocannabinoid-system\/#primaryimage"},"image":{"@id":"https:\/\/sanahempjuice.com\/de\/endocannabinoid-system\/#primaryimage"},"thumbnailUrl":"https:\/\/sanahempjuice.com\/wp-content\/uploads\/2016\/05\/Schermafbeelding-2017-02-13-om-09.36.43.png","datePublished":"2016-05-25T12:43:24+00:00","dateModified":"2018-04-03T20:34:17+00:00","description":"Cannabidiol ist ein Inhaltsstoff der Hanfpflanze, der keinerlei psychoactive Wirkung hat, sondern nur die Selbstheilungskr\u00e4fte des K\u00f6rpers f\u00f6rdert.","breadcrumb":{"@id":"https:\/\/sanahempjuice.com\/de\/endocannabinoid-system\/#breadcrumb"},"inLanguage":"de","potentialAction":[{"@type":"ReadAction","target":["https:\/\/sanahempjuice.com\/de\/endocannabinoid-system\/"]}]},{"@type":"ImageObject","inLanguage":"de","@id":"https:\/\/sanahempjuice.com\/de\/endocannabinoid-system\/#primaryimage","url":"https:\/\/sanahempjuice.com\/wp-content\/uploads\/2016\/05\/Schermafbeelding-2017-02-13-om-09.36.43.png","contentUrl":"https:\/\/sanahempjuice.com\/wp-content\/uploads\/2016\/05\/Schermafbeelding-2017-02-13-om-09.36.43.png"},{"@type":"BreadcrumbList","@id":"https:\/\/sanahempjuice.com\/de\/endocannabinoid-system\/#breadcrumb","itemListElement":[{"@type":"ListItem","position":1,"name":"Home","item":"https:\/\/sanahempjuice.com\/de\/"},{"@type":"ListItem","position":2,"name":"Endocannabinoid-System"}]},{"@type":"WebSite","@id":"https:\/\/sanahempjuice.com\/#website","url":"https:\/\/sanahempjuice.com\/","name":"Sana Hemp Juice","description":"","potentialAction":[{"@type":"SearchAction","target":{"@type":"EntryPoint","urlTemplate":"https:\/\/sanahempjuice.com\/?s={search_term_string}"},"query-input":{"@type":"PropertyValueSpecification","valueRequired":true,"valueName":"search_term_string"}}],"inLanguage":"de"}]}},"_links":{"self":[{"href":"https:\/\/sanahempjuice.com\/de\/wp-json\/wp\/v2\/pages\/346","targetHints":{"allow":["GET"]}}],"collection":[{"href":"https:\/\/sanahempjuice.com\/de\/wp-json\/wp\/v2\/pages"}],"about":[{"href":"https:\/\/sanahempjuice.com\/de\/wp-json\/wp\/v2\/types\/page"}],"author":[{"embeddable":true,"href":"https:\/\/sanahempjuice.com\/de\/wp-json\/wp\/v2\/users\/1"}],"replies":[{"embeddable":true,"href":"https:\/\/sanahempjuice.com\/de\/wp-json\/wp\/v2\/comments?post=346"}],"version-history":[{"count":19,"href":"https:\/\/sanahempjuice.com\/de\/wp-json\/wp\/v2\/pages\/346\/revisions"}],"predecessor-version":[{"id":1507,"href":"https:\/\/sanahempjuice.com\/de\/wp-json\/wp\/v2\/pages\/346\/revisions\/1507"}],"wp:attachment":[{"href":"https:\/\/sanahempjuice.com\/de\/wp-json\/wp\/v2\/media?parent=346"}],"curies":[{"name":"wp","href":"https:\/\/api.w.org\/{rel}","templated":true}]}}