{"id":959,"date":"2016-12-22T13:23:12","date_gmt":"2016-12-22T13:23:12","guid":{"rendered":"https:\/\/sanahempjuice.com\/de\/?page_id=959"},"modified":"2025-09-24T13:22:59","modified_gmt":"2025-09-24T11:22:59","slug":"allgemeine-geschaeftsbedingungen","status":"publish","type":"page","link":"https:\/\/sanahempjuice.com\/de\/allgemeine-geschaeftsbedingungen\/","title":{"rendered":"Allgemeine Gesch\u00e4ftsbedingungen"},"content":{"rendered":"<p><strong>Allgemeine Gesch\u00e4ftsbedingungen f\u00fcr Erg\u00e4nzungen Dun Agro Plant Products BV<\/strong><\/p>\n<p>Inhalt:<br \/>\nArtikel 1 &#8211; Begriffsbestimmungen<br \/>\nArtikel 2 &#8211; Identit\u00e4t des Betreibers<br \/>\nArtikel 3 &#8211; Anwendbarkeit<br \/>\nArtikel 4 &#8211; Das Angebot<br \/>\nArtikel 5 &#8211; Der Vertrag<br \/>\nArtikel 6 &#8211; Widerrufsrecht<br \/>\nArtikel 7 &#8211; Kosten im Falle des R\u00fccktritts<br \/>\nArtikel 8 &#8211; Ausschluss des Widerrufsrechts<br \/>\nArtikel 9 &#8211; Der Preis<br \/>\nArtikel 10 &#8211; Erf\u00fcllung und Gew\u00e4hrleistung<br \/>\nArtikel 11 &#8211; Lieferung und Durchf\u00fchrung<br \/>\nArtikel 12 &#8211; Zahlung<br \/>\nArtikel 13 &#8211; Beschwerden<br \/>\nArtikel 14 &#8211; Streitigkeiten<br \/>\nArtikel 15 &#8211; Zus\u00e4tzliche oder abweichende Bedingungen<\/p>\n<p><strong>Artikel 1. Begriffsbestimmungen<\/strong><\/p>\n<p>Im Rahmen dieser Bedingungen gelten die folgenden Begriffsbestimmungen:<\/p>\n<p><strong>Schonfrist<\/strong>: Die Frist, innerhalb derer der Verbraucher sein Widerrufsrecht aus\u00fcben kann;<\/p>\n<p><strong>Verbraucher<\/strong>: die nat\u00fcrliche Person, die nicht in Aus\u00fcbung ihres Berufs oder Gesch\u00e4fts-und einem Fernabsatzvertrag mit dem Unternehmer;<\/p>\n<p><strong>Tag<\/strong>: Kalendertag;<\/p>\n<p><strong>Dauer Transaktion<\/strong>: ein Vertrag Abstand zu einer Reihe von Produkten, deren Lieferung und \/ oder den Kauf \u00fcber die Zeit verteilt;<\/p>\n<p><strong>Durable Medium<\/strong>: jedes Mittel, das die Verbraucher oder Unternehmen, die Informationen, die ihm pers\u00f6nlich, zu speichern in einer Weise, dass die k\u00fcnftige Beratung und unver\u00e4nderte Wiedergabe der gespeicherten Informationen erm\u00f6glicht;<\/p>\n<p><strong>Widerrufsrecht<\/strong>: die M\u00f6glichkeit f\u00fcr die Verbraucher innerhalb der Wartezeit des Vertrages zu sehen;<\/p>\n<p><strong>Unternehmer<\/strong>: die nat\u00fcrliche oder juristische Person, die Verbraucher Produkte in einem Abstand zu bieten;<\/p>\n<p><strong>Entfernung Vertrag<\/strong>: ein Vertrag, bei dem im Rahmen eines Systems durch den Unternehmer f\u00fcr den Fernabsatz von Waren durch den Abschluss der Vereinbarung ausschlie\u00dflicher Verwendung eines oder mehrerer Fernkommunikationsmittel;<\/p>\n<p><strong>Fernkommunikationstechnologie<\/strong>: Technologie, die zum Schlie\u00dfen eines Vertrags verwendet wird, ohne dass der Verbraucher und der Unternehmer sich gleichzeitig am selben Ort treffen.<\/p>\n<p><strong>Artikel 2. Identit\u00e4t des Betreibers<\/strong><br \/>\nDun Agro Plant Products BV<br \/>\nRaadhuisweg 11<br \/>\n9665 JE, Oude Pekela<br \/>\nThe Netherlands<br \/>\nRegistration Nummer: 66594464<br \/>\nMwSt.: NL856623490B01<\/p>\n<p>Kundenservice<br \/>\nTelefon: +31 597 675592<br \/>\nE-Mail: <a href=\"mailto:info@sanahemp.com\">info.dpp@dunagro.nl<\/a><\/p>\n<p><strong>Artikel 3. Anwendbarkeit<\/strong><\/p>\n<p>Diese allgemeinen Gesch\u00e4ftsbedingungen gelten f\u00fcr den Verkauf der angebotenen Nahrungserg\u00e4nzungsmittel von Dun Agro Plant Products BV und hiermit im Zusammenhang Abstand Vertrag zwischen dem H\u00e4ndler und Verbraucher. Eine Verweisung durch die Verbraucher zum eigenen Gesch\u00e4ftsbedingungen wird durch unsere Hand unterstrichen.<\/p>\n<p>Bevor der Vertrag geschlossen wird, wird der Text dieser allgemeinen Bedingungen f\u00fcr den Verbraucher elektronisch zur Verf\u00fcgung gestellt werden, so dass es durch den Verbraucher auf einfache Weise auf einem dauerhaften Datentr\u00e4ger gespeichert werden k\u00f6nnen. Wann dies nicht vern\u00fcnftigerweise m\u00f6glich ist, bevor der Vertrag geschlossen wird, wird angegeben, wo die allgemeinen Bedingungen elektronisch kontrolliert werden k\u00f6nnen und dass elektronisch oder auf andere Weise auf Antrag des Verbrauchers wird kostenlos zugeschickt werden.<\/p>\n<p><strong>Artikel 4. Das Angebot<\/strong><\/p>\n<p>Wenn ein Angebot eine begrenzte G\u00fcltigkeitsdauer aufweist oder an Bedingungen gekn\u00fcpft ist, wird dies ausdr\u00fccklich im Angebot angegeben.<\/p>\n<p>Das Angebot enth\u00e4lt eine vollst\u00e4ndige und genaue Beschreibung der angebotenen Produkte. Die Beschreibung ist ausreichend, eine angemessene Bewertung des Angebots durch den Verbraucher zu erm\u00f6glichen, detailliert beschrieben. Wenn der Auftragnehmer verwendet sind diese Bilder ein getreues Spiegelbild der angebotenen Produkte. Offensichtliche Irrt\u00fcmer oder Fehler im Angebot sind nicht bindend f\u00fcr die Unternehmer.<\/p>\n<p>Jedes Angebot enth\u00e4lt solche Informationen, die dem Verbraucher die mit der Annahme des Angebots verbundenen Rechte und Pflichten klar verdeutlichen. Dies betrifft insbesondere:<\/p>\n<ul>\n<li>der Preis einschlie\u00dflich aller Steuern;<\/li>\n<li>s\u00e4mtlicher Kosten f\u00fcr Lieferung;<\/li>\n<li>wie die Vereinbarung erreicht wird und welche Aktionen sie ben\u00f6tigen;<\/li>\n<li>ob das Widerrufsrecht anzuwenden;<\/li>\n<li>die Methode der Zahlung, Lieferung und Erf\u00fcllung des Vertrages;<\/li>\n<li>wie der Verbraucher vor dem Abschluss des Vertrages, Informationen, die von ihm im Rahmen des Vertrages zur Verf\u00fcgung gestellt zu \u00fcberpr\u00fcfen und reparieren, falls erforderlich;<\/li>\n<\/ul>\n<p><strong>Artikel 5. Der Vertrag<\/strong><\/p>\n<p>Die Vereinbarung unterliegt den Bestimmungen von Absatz 4, die zum Zeitpunkt der Annahme des Angebots durch den Verbraucher und die Einhaltung der entsprechenden Bedingungen abgeschlossen. Mit der Bestellung erkl\u00e4rt der K\u00e4ufer vertraut und einverstanden mit diesen Bedingungen zu sein.<\/p>\n<p>Wenn der Verbraucher das Angebot auf elektronischem Weg angenommen hat, wird der H\u00e4ndler sofort elektronischen Eingang der Annahme des Angebots best\u00e4tigen. Bis zum Erhalt dieser Annahme wurde durch den Betreiber nicht best\u00e4tigt worden ist, kann der Verbraucher vom Vertrag zur\u00fccktreten.<\/p>\n<p>Wird der Vertrag elektronisch erstellt, dann wird der H\u00e4ndler durch geeignete technische und organisatorische Ma\u00dfnahmen, um die elektronische \u00dcbermittlung von Daten zu sch\u00fctzen, und er wird eine sichere Web-Umgebung zu gew\u00e4hrleisten. Wenn der Verbraucher elektronisch bezahlen kann, wird der H\u00e4ndler durch geeignete Sicherheitsvorkehrungen treffen.<\/p>\n<p>Der Unternehmer kann &#8211; im Rahmen des Gesetzes &#8211; die F\u00e4higkeit des Verbrauchers informieren, ihre Zahlungsverpflichtungen zu erf\u00fcllen, und all dieser Tatsachen und Faktoren, die zu einem soliden Abschluss des Fernabsatzvertrags wichtig sind. Wenn der Betreiber im Rahmen dieser Untersuchung gerechtfertigt war, nicht in die Vereinbarung zu treffen, ist er berechtigt, eine Bestellung abzulehnen oder fordern oder besondere Bedingungen f\u00fcr die Umsetzung zu befestigen.<\/p>\n<p>Der Betreiber hat zur Verf\u00fcgung stellen die Informationen auf der Webseite unten f\u00fcr den Verbraucher angegeben:<\/p>\n<p>a. Ein Kontaktpunkt, wo die Verbraucher mit Beschwerden wenden k\u00f6nnen;<\/p>\n<p>b. den Bedingungen, unter denen und die Art und Weise, in der das Recht auf Widerruf Verbraucher ausge\u00fcbt werden kann, oder eine klare Aussage \u00fcber den Ausschluss des Widerrufsrechts in Bezug auf;<\/p>\n<p>c. die Einzelheiten dieser Bedingungen sind in Artikel 4 Absatz 3.<\/p>\n<p><strong>Artikel 6. Widerrufsrecht<\/strong><br \/>\nBeim Kauf von Produkten kann der Verbraucher den Vertrag k\u00fcndigen, ohne Angabe von Gr\u00fcnden innerhalb von 14 Tagen. Die Frist beginnt mit dem Zeitpunkt des Eingangs des durch den Verbraucher oder im Voraus angegebenen Produkt durch den Verbraucher und dem Unternehmer angek\u00fcndigt Vertreter.<\/p>\n<p>W\u00e4hrend dieser Zeit wird der Verbraucher das Produkt und Verpackung zu behandeln. Wenn er sein Widerrufsrecht aus\u00fcbt tut, wird er dem Unternehmer das Produkt in seinem urspr\u00fcnglichen Zustand und unge\u00f6ffneter Verpackung sein, in \u00dcbereinstimmung mit den angemessenen und klaren Anweisungen durch den Unternehmer zur Verf\u00fcgung gestellt.<\/p>\n<p><strong>Artikel 7. Kosten im Falle des R\u00fccktritts<\/strong><br \/>\nSofern der Verbraucher sein Widerrufsrecht aus\u00fcbt, fallen h\u00f6chstens die Kosten f\u00fcr die R\u00fccksendung der Ware an.<\/p>\n<p>Wenn der Verbraucher einen Betrag bezahlt hat, der Unternehmer dieser Betrag so schnell wie m\u00f6glich und R\u00fcckerstattung innerhalb von 14 Tagen nach Erhalt der Ware, wenn das Paket unge\u00f6ffnet ist.<\/p>\n<p><strong>Artikel 8. Ausschluss des Widerrufsrechts<\/strong><br \/>\nDer Unternehmer kann das R\u00fccktrittsrecht des Verbrauchers in dem Umfang in Absatz 2 der Ausschluss des R\u00fccktrittsrechts vorgesehen Ausschluss gilt nur, wenn der H\u00e4ndler deutlich im Angebot, zumindest in der Zeit f\u00fcr den Abschluss des Vertrages bezieht.<\/p>\n<p>Ausschluss des Widerrufsrechts ist nur f\u00fcr Produkte, deren Verpackung Bedenkzeit zur\u00fcck ge\u00f6ffnet und \/ oder innerhalb von 14 Tagen wurde.<\/p>\n<p><strong>Artikel 9. Der Preis<\/strong><br \/>\nDie Preise der Produkte im Angebot genannten inklusive Mehrwertsteuer.<\/p>\n<p><strong>Artikel 10. Erf\u00fcllung und Gew\u00e4hrleistung<\/strong><br \/>\nDer Unternehmer garantiert, dass die Produkte mit der Vereinbarung entsprechen, die im Angebot aufgef\u00fchrten Spezifikationen, die angemessenen Anforderungen an Zuverl\u00e4ssigkeit und \/ oder Verwendbarkeit und zum Zeitpunkt des Abschlusses der Vereinbarung bestehenden gesetzlichen Bestimmungen und \/ oder beh\u00f6rdlichen Vorschriften. Falls gew\u00fcnscht, k\u00f6nnen sicherstellen, dass die Unternehmer auch, dass das Produkt f\u00fcr andere als normale Verwendung geeignet ist.<\/p>\n<p>Eine vom Unternehmer, Hersteller oder Importeur gegebene Garantie beeinflusst nicht die gesetzlichen Rechte und Anspr\u00fcche, die der Verbraucher auf der Grundlage des Vertrags gegen\u00fcber dem Unternehmer geltend machen kann.<\/p>\n<p><strong>Artikel 11. Lieferung und Durchf\u00fchrung<\/strong><br \/>\nDer H\u00e4ndler wird die gr\u00f6\u00dftm\u00f6gliche Sorgfalt beim Empfang und Ausf\u00fchrung von Warenbestellungen.<\/p>\n<p>Der Ort der Lieferung ist die Adresse, die der Verbraucher dem Unternehmen bekannt macht.<\/p>\n<p>Vorbehaltlich der in Artikel 4 dieser Allgemeinen Gesch\u00e4ftsbedingungen angegeben ist, wird das Unternehmen akzeptierte Auftr\u00e4ge ausf\u00fchren z\u00fcgig innerhalb von 14\u00a0Tagen. Lieferzeiten von Produkten, die nicht auf Lager angegeben wird nur ann\u00e4hernd. Wenn die Lieferung von unserem Paketdienst verz\u00f6gert, so, dass wir keinen Einfluss haben, k\u00f6nnen wir nicht verantwortlich daf\u00fcr gemacht werden. Wird ein Auftrag nicht oder nur teilweise erfolgt ist, erh\u00e4lt der Verbraucher sie sp\u00e4testens 14\u00a0Tage, nachdem er die Auftragsmitteilung, gestellt hat. Der Verbraucher hat in diesem Fall das Recht, den Vertrag ohne Strafe zu beenden.<\/p>\n<p>Im Fall der K\u00fcndigung gem\u00e4\u00df der vorstehenden Bedingung wird der Unternehmer die Zahlung, die der Verbraucher geleistet hat, so schnell wie m\u00f6glich, jedoch nicht sp\u00e4ter als 14 Tage nach der Aufl\u00f6sung des Vertrags, zur\u00fcckerstatten.<\/p>\n<p>Die Gefahr der Besch\u00e4digung und \/ oder Verlust von Produkten auf den H\u00e4ndler bis zum Zeitpunkt der \u00dcbertragung des Pakets liegt, oder einer vorgesehenen und der Unternehmer angek\u00fcndigt, Vertreter, sofern nichts Anderes ausdr\u00fccklich vereinbart wurde. Sobald das Produkt geliefert wird, ist das Risiko f\u00fcr den Verbraucher.<\/p>\n<p><strong>Artikel 12. Zahlung<\/strong><br \/>\nDie Betr\u00e4ge, die vom Verbraucher geschuldeten muss bei der Bestellung bezahlt werden, bevor das Produkt durch den Gewerbetreibenden an den Verbraucher gesendet wird.<\/p>\n<p>Der Verbraucher hat die Pflicht, Fehler in den gemeldeten Zahlungsdaten unverz\u00fcglich an den Unternehmer zu melden.<\/p>\n<p>Bei Zahlungsverzug durch den Verbraucher ist der Unternehmer unter Einhaltung gesetzlicher Bestimmungen berechtigt, die dem Verbraucher angezeigten angemessenen Kosten in Rechnung zu stellen.<\/p>\n<p><strong>Artikel 13 Beschwerden<\/strong><br \/>\nDer Unternehmer hat einen weithin bekannten Beschwerden Verfolgung und befasst sich mit Beschwerden im Rahmen dieses Verfahrens.<\/p>\n<p>Beschwerden \u00fcber die Umsetzung der Vereinbarung muss vollst\u00e4ndig und eindeutig beschrieben innerhalb von 5 Arbeitstagen vorgenommen werden, an den Unternehmer, nachdem der Verbraucher die M\u00e4ngel festgestellt hat.<\/p>\n<p>Einreichung einer Beschwerde setzt der Verbraucher die Verpflichtung zur Zahlung nicht aus.<\/p>\n<p>Beschwerden an den Unternehmer eingereicht werden, innerhalb einer Frist von 10 Tagen ab dem Datum des Eingangs, beantworte. Falls eine Beschwerde eine vorhersehbare l\u00e4ngere Zeit der Verarbeitung durch den Betreiber, innerhalb einer Frist von 10 Tagen reagiert mit einer Botschaft der Begr\u00fc\u00dfung und einer Anzeige, wenn der Verbraucher eine ausf\u00fchrlichere Antwort erwarten kann.<\/p>\n<p>Kann die Beschwerde nicht in gegenseitigem Einverst\u00e4ndnis gel\u00f6st werden, kommt es zu einem Konflikt, der gem\u00e4\u00df den Konfliktbestimmungen behandelt werden wird.<\/p>\n<p><strong>Artikel 14. Streitigkeiten<\/strong><br \/>\nVertr\u00e4ge zwischen dem Unternehmer und dem Verbraucher, auf diese allgemeinen Gesch\u00e4ftsbedingungen angewendet werden, unterliegen ausschlie\u00dflich Niederl\u00e4ndischem Recht.<\/p>\n<p><strong>Artikel 15. Zus\u00e4tzliche oder abweichende Bedingungen<\/strong><br \/>\nZus\u00e4tzliche oder abweichende Bestimmungen zu diesen allgemeinen Gesch\u00e4ftsbedingungen k\u00f6nnen nicht zum Nachteil der Verbraucher sein und sollten schriftlich oder in einer Weise, in der sie durch den Verbraucher in einer zug\u00e4nglichen Weise auf einem dauerhaften Datentr\u00e4ger gespeichert werden k\u00f6nnen, festgelegt werden.<\/p>\n","protected":false},"excerpt":{"rendered":"<p>Allgemeine Gesch\u00e4ftsbedingungen f\u00fcr Erg\u00e4nzungen Dun Agro Plant Products BV Inhalt: Artikel 1 &#8211; Begriffsbestimmungen Artikel [&hellip;]<\/p>\n","protected":false},"author":1,"featured_media":0,"parent":0,"menu_order":0,"comment_status":"closed","ping_status":"closed","template":"","meta":{"_acf_changed":false,"footnotes":""},"class_list":["post-959","page","type-page","status-publish","hentry"],"acf":[],"yoast_head":"<!-- This site is optimized with the Yoast SEO plugin v26.8 - https:\/\/yoast.com\/product\/yoast-seo-wordpress\/ -->\n<title>Allgemeine Gesch\u00e4ftsbedingungen | Sana Hemp Juice<\/title>\n<meta name=\"robots\" content=\"index, follow, max-snippet:-1, max-image-preview:large, max-video-preview:-1\" \/>\n<link rel=\"canonical\" href=\"https:\/\/sanahempjuice.com\/de\/allgemeine-geschaeftsbedingungen\/\" \/>\n<meta property=\"og:locale\" content=\"de_DE\" \/>\n<meta property=\"og:type\" content=\"article\" \/>\n<meta property=\"og:title\" content=\"Allgemeine Gesch\u00e4ftsbedingungen | Sana Hemp Juice\" \/>\n<meta property=\"og:description\" content=\"Allgemeine Gesch\u00e4ftsbedingungen f\u00fcr Erg\u00e4nzungen Dun Agro Plant Products BV Inhalt: Artikel 1 &#8211; Begriffsbestimmungen Artikel [&hellip;]\" \/>\n<meta property=\"og:url\" content=\"https:\/\/sanahempjuice.com\/de\/allgemeine-geschaeftsbedingungen\/\" \/>\n<meta property=\"og:site_name\" content=\"Sana Hemp Juice\" \/>\n<meta property=\"article:modified_time\" content=\"2025-09-24T11:22:59+00:00\" \/>\n<meta name=\"twitter:card\" content=\"summary_large_image\" \/>\n<meta name=\"twitter:label1\" content=\"Gesch\u00e4tzte Lesezeit\" \/>\n\t<meta name=\"twitter:data1\" content=\"8\u00a0Minuten\" \/>\n<script type=\"application\/ld+json\" class=\"yoast-schema-graph\">{\"@context\":\"https:\/\/schema.org\",\"@graph\":[{\"@type\":\"WebPage\",\"@id\":\"https:\/\/sanahempjuice.com\/de\/allgemeine-geschaeftsbedingungen\/\",\"url\":\"https:\/\/sanahempjuice.com\/de\/allgemeine-geschaeftsbedingungen\/\",\"name\":\"Allgemeine Gesch\u00e4ftsbedingungen | Sana Hemp Juice\",\"isPartOf\":{\"@id\":\"https:\/\/sanahempjuice.com\/#website\"},\"datePublished\":\"2016-12-22T13:23:12+00:00\",\"dateModified\":\"2025-09-24T11:22:59+00:00\",\"breadcrumb\":{\"@id\":\"https:\/\/sanahempjuice.com\/de\/allgemeine-geschaeftsbedingungen\/#breadcrumb\"},\"inLanguage\":\"de\",\"potentialAction\":[{\"@type\":\"ReadAction\",\"target\":[\"https:\/\/sanahempjuice.com\/de\/allgemeine-geschaeftsbedingungen\/\"]}]},{\"@type\":\"BreadcrumbList\",\"@id\":\"https:\/\/sanahempjuice.com\/de\/allgemeine-geschaeftsbedingungen\/#breadcrumb\",\"itemListElement\":[{\"@type\":\"ListItem\",\"position\":1,\"name\":\"Home\",\"item\":\"https:\/\/sanahempjuice.com\/de\/\"},{\"@type\":\"ListItem\",\"position\":2,\"name\":\"Allgemeine Gesch\u00e4ftsbedingungen\"}]},{\"@type\":\"WebSite\",\"@id\":\"https:\/\/sanahempjuice.com\/#website\",\"url\":\"https:\/\/sanahempjuice.com\/\",\"name\":\"Sana Hemp Juice\",\"description\":\"\",\"potentialAction\":[{\"@type\":\"SearchAction\",\"target\":{\"@type\":\"EntryPoint\",\"urlTemplate\":\"https:\/\/sanahempjuice.com\/?s={search_term_string}\"},\"query-input\":{\"@type\":\"PropertyValueSpecification\",\"valueRequired\":true,\"valueName\":\"search_term_string\"}}],\"inLanguage\":\"de\"}]}<\/script>\n<!-- \/ Yoast SEO plugin. -->","yoast_head_json":{"title":"Allgemeine Gesch\u00e4ftsbedingungen | Sana Hemp Juice","robots":{"index":"index","follow":"follow","max-snippet":"max-snippet:-1","max-image-preview":"max-image-preview:large","max-video-preview":"max-video-preview:-1"},"canonical":"https:\/\/sanahempjuice.com\/de\/allgemeine-geschaeftsbedingungen\/","og_locale":"de_DE","og_type":"article","og_title":"Allgemeine Gesch\u00e4ftsbedingungen | Sana Hemp Juice","og_description":"Allgemeine Gesch\u00e4ftsbedingungen f\u00fcr Erg\u00e4nzungen Dun Agro Plant Products BV Inhalt: Artikel 1 &#8211; Begriffsbestimmungen Artikel [&hellip;]","og_url":"https:\/\/sanahempjuice.com\/de\/allgemeine-geschaeftsbedingungen\/","og_site_name":"Sana Hemp Juice","article_modified_time":"2025-09-24T11:22:59+00:00","twitter_card":"summary_large_image","twitter_misc":{"Gesch\u00e4tzte Lesezeit":"8\u00a0Minuten"},"schema":{"@context":"https:\/\/schema.org","@graph":[{"@type":"WebPage","@id":"https:\/\/sanahempjuice.com\/de\/allgemeine-geschaeftsbedingungen\/","url":"https:\/\/sanahempjuice.com\/de\/allgemeine-geschaeftsbedingungen\/","name":"Allgemeine Gesch\u00e4ftsbedingungen | Sana Hemp Juice","isPartOf":{"@id":"https:\/\/sanahempjuice.com\/#website"},"datePublished":"2016-12-22T13:23:12+00:00","dateModified":"2025-09-24T11:22:59+00:00","breadcrumb":{"@id":"https:\/\/sanahempjuice.com\/de\/allgemeine-geschaeftsbedingungen\/#breadcrumb"},"inLanguage":"de","potentialAction":[{"@type":"ReadAction","target":["https:\/\/sanahempjuice.com\/de\/allgemeine-geschaeftsbedingungen\/"]}]},{"@type":"BreadcrumbList","@id":"https:\/\/sanahempjuice.com\/de\/allgemeine-geschaeftsbedingungen\/#breadcrumb","itemListElement":[{"@type":"ListItem","position":1,"name":"Home","item":"https:\/\/sanahempjuice.com\/de\/"},{"@type":"ListItem","position":2,"name":"Allgemeine Gesch\u00e4ftsbedingungen"}]},{"@type":"WebSite","@id":"https:\/\/sanahempjuice.com\/#website","url":"https:\/\/sanahempjuice.com\/","name":"Sana Hemp Juice","description":"","potentialAction":[{"@type":"SearchAction","target":{"@type":"EntryPoint","urlTemplate":"https:\/\/sanahempjuice.com\/?s={search_term_string}"},"query-input":{"@type":"PropertyValueSpecification","valueRequired":true,"valueName":"search_term_string"}}],"inLanguage":"de"}]}},"_links":{"self":[{"href":"https:\/\/sanahempjuice.com\/de\/wp-json\/wp\/v2\/pages\/959","targetHints":{"allow":["GET"]}}],"collection":[{"href":"https:\/\/sanahempjuice.com\/de\/wp-json\/wp\/v2\/pages"}],"about":[{"href":"https:\/\/sanahempjuice.com\/de\/wp-json\/wp\/v2\/types\/page"}],"author":[{"embeddable":true,"href":"https:\/\/sanahempjuice.com\/de\/wp-json\/wp\/v2\/users\/1"}],"replies":[{"embeddable":true,"href":"https:\/\/sanahempjuice.com\/de\/wp-json\/wp\/v2\/comments?post=959"}],"version-history":[{"count":10,"href":"https:\/\/sanahempjuice.com\/de\/wp-json\/wp\/v2\/pages\/959\/revisions"}],"predecessor-version":[{"id":3400,"href":"https:\/\/sanahempjuice.com\/de\/wp-json\/wp\/v2\/pages\/959\/revisions\/3400"}],"wp:attachment":[{"href":"https:\/\/sanahempjuice.com\/de\/wp-json\/wp\/v2\/media?parent=959"}],"curies":[{"name":"wp","href":"https:\/\/api.w.org\/{rel}","templated":true}]}}