{"id":1041,"date":"2017-02-06T09:37:21","date_gmt":"2017-02-06T09:37:21","guid":{"rendered":"https:\/\/sanahempjuice.com\/product\/sana-hanf-saft-tinktur\/"},"modified":"2022-02-10T13:52:20","modified_gmt":"2022-02-10T13:52:20","slug":"sana-hanf-saft-tinktur","status":"publish","type":"product","link":"https:\/\/sanahempjuice.com\/de\/produkt\/sana-hanf-saft-tinktur\/","title":{"rendered":"Sana Hanf Saft Tinktur"},"content":{"rendered":"<p class=\"p1\">Sana Hanf CBD-A Saft Tinktur l\u00f6st sich leicht in Wasser. Der menschliche K\u00f6rper besteht zum gr\u00f6\u00dften Teil aus Wasser, das Sana Hanf CBD-A Saft Tinktur gut in den Blutstrom absorbiert wird.<\/p>\n<h3>Wegbeschreibung:<\/h3>\n<p>Nehmen Sie einmal t\u00e4glich,- vorzugsweise vor dem Fr\u00fchst\u00fcck, 3-6 Tropfen Sana Hanf CBD-A Saft unter der Zunge, warten Sie etwa 20 Sekunden und dann schlucken. Sana Hanf Saft Tinktur kann auch in einem \u00bc Glas Wasser oder Saft gemischt werden, die dann sofort eingef\u00fchrt werden sollte.<\/p>\n<h3>Zutaten:<\/h3>\n<p>Vegetarisch Glycerin, gereinigtes Wasser Aqua, Hanf Saftpulver, Zitronens\u00e4ure, Rosmarinextrakt, Hanfdestillat, Xanthangummi, Kaliumsorbat. CBD-A: ca. 150 mg, THC &lt;0,05%<\/p>\n<p><span style=\"text-decoration: underline;\">Zusammensetzung pro Tagesdosis (6 Tropfen)\u00a0 \u00a0 \u00a0 RDA %<\/span><br \/>\nCBD-A \u00a0 \u00a0 \u00a0 \u00a0 5 mg*<\/p>\n<p>* Empfohlene Tagesdosis (RDA) nicht nachgewiesen<\/p>\n<h3>Netto Inhalt: 30 ml<\/h3>\n<p>(gut f\u00fcr \u00b1 2 Monate bei normalem Gebrauch)<\/p>\n<h3>Produktdatenblatt:<\/h3>\n<p>Klicken Sie <a href=\"https:\/\/sanahempjuice.com\/wp-content\/uploads\/2022\/02\/R-036-Product-data-sheet-Tincture-ID-9272-1.pdf\">hier<\/a> f\u00fcr das Produktdatenblatt.<\/p>\n","protected":false},"excerpt":{"rendered":"<p>Sana Hanf Saft CBD-A Tinktur ist eine reine und nat\u00fcrliche Tinktur aus 100% Roh Hanf Saft, hergestellt und enth\u00e4lt das gesamte Spektrum an essentiellen N\u00e4hrstoffen mit dem zus\u00e4tzlichen Vorteil der gro\u00dfen Mengen von Cannabidiol acid (CBD-A), abgeleitet aus den Bl\u00e4ttern des Rechts Industriehanfpflanze.<\/p>\n","protected":false},"featured_media":1039,"comment_status":"open","ping_status":"closed","template":"","meta":{"_acf_changed":false},"product_brand":[],"product_cat":[55],"product_tag":[],"class_list":{"0":"post-1041","1":"product","2":"type-product","3":"status-publish","4":"has-post-thumbnail","6":"product_cat-sana-producten-de","8":"first","9":"instock","10":"taxable","11":"shipping-taxable","12":"purchasable","13":"product-type-simple"},"acf":[],"yoast_head":"<!-- This site is optimized with the Yoast SEO plugin v26.8 - https:\/\/yoast.com\/product\/yoast-seo-wordpress\/ -->\n<title>Sana Hanf Saft Tinktur | Sana Hemp Juice<\/title>\n<meta name=\"robots\" content=\"index, follow, max-snippet:-1, max-image-preview:large, max-video-preview:-1\" \/>\n<link rel=\"canonical\" href=\"https:\/\/sanahempjuice.com\/de\/produkt\/sana-hanf-saft-tinktur\/\" \/>\n<meta property=\"og:locale\" content=\"de_DE\" \/>\n<meta property=\"og:type\" content=\"article\" \/>\n<meta property=\"og:title\" content=\"Sana Hanf Saft Tinktur | Sana Hemp Juice\" \/>\n<meta property=\"og:description\" content=\"Sana Hanf Saft CBD-A Tinktur ist eine reine und nat\u00fcrliche Tinktur aus 100% Roh Hanf Saft, hergestellt und enth\u00e4lt das gesamte Spektrum an essentiellen N\u00e4hrstoffen mit dem zus\u00e4tzlichen Vorteil der gro\u00dfen Mengen von Cannabidiol acid (CBD-A), abgeleitet aus den Bl\u00e4ttern des Rechts Industriehanfpflanze.\" \/>\n<meta property=\"og:url\" content=\"https:\/\/sanahempjuice.com\/de\/produkt\/sana-hanf-saft-tinktur\/\" \/>\n<meta property=\"og:site_name\" content=\"Sana Hemp Juice\" \/>\n<meta property=\"article:modified_time\" content=\"2022-02-10T13:52:20+00:00\" \/>\n<meta property=\"og:image\" content=\"https:\/\/sanahempjuice.com\/wp-content\/uploads\/2017\/02\/03Example.jpeg\" \/>\n\t<meta property=\"og:image:width\" content=\"3872\" \/>\n\t<meta property=\"og:image:height\" content=\"2592\" \/>\n\t<meta property=\"og:image:type\" content=\"image\/jpeg\" \/>\n<meta name=\"twitter:card\" content=\"summary_large_image\" \/>\n<meta name=\"twitter:label1\" content=\"Gesch\u00e4tzte Lesezeit\" \/>\n\t<meta name=\"twitter:data1\" content=\"1\u00a0Minute\" \/>\n<script type=\"application\/ld+json\" class=\"yoast-schema-graph\">{\"@context\":\"https:\/\/schema.org\",\"@graph\":[{\"@type\":\"WebPage\",\"@id\":\"https:\/\/sanahempjuice.com\/de\/produkt\/sana-hanf-saft-tinktur\/\",\"url\":\"https:\/\/sanahempjuice.com\/de\/produkt\/sana-hanf-saft-tinktur\/\",\"name\":\"Sana Hanf Saft Tinktur | Sana Hemp Juice\",\"isPartOf\":{\"@id\":\"https:\/\/sanahempjuice.com\/#website\"},\"primaryImageOfPage\":{\"@id\":\"https:\/\/sanahempjuice.com\/de\/produkt\/sana-hanf-saft-tinktur\/#primaryimage\"},\"image\":{\"@id\":\"https:\/\/sanahempjuice.com\/de\/produkt\/sana-hanf-saft-tinktur\/#primaryimage\"},\"thumbnailUrl\":\"https:\/\/sanahempjuice.com\/wp-content\/uploads\/2017\/02\/03Example.jpeg\",\"datePublished\":\"2017-02-06T09:37:21+00:00\",\"dateModified\":\"2022-02-10T13:52:20+00:00\",\"breadcrumb\":{\"@id\":\"https:\/\/sanahempjuice.com\/de\/produkt\/sana-hanf-saft-tinktur\/#breadcrumb\"},\"inLanguage\":\"de\",\"potentialAction\":[{\"@type\":\"ReadAction\",\"target\":[\"https:\/\/sanahempjuice.com\/de\/produkt\/sana-hanf-saft-tinktur\/\"]}]},{\"@type\":\"ImageObject\",\"inLanguage\":\"de\",\"@id\":\"https:\/\/sanahempjuice.com\/de\/produkt\/sana-hanf-saft-tinktur\/#primaryimage\",\"url\":\"https:\/\/sanahempjuice.com\/wp-content\/uploads\/2017\/02\/03Example.jpeg\",\"contentUrl\":\"https:\/\/sanahempjuice.com\/wp-content\/uploads\/2017\/02\/03Example.jpeg\",\"width\":3872,\"height\":2592,\"caption\":\"Sana Hemp Juice Powder CBDA CBD tincture\"},{\"@type\":\"BreadcrumbList\",\"@id\":\"https:\/\/sanahempjuice.com\/de\/produkt\/sana-hanf-saft-tinktur\/#breadcrumb\",\"itemListElement\":[{\"@type\":\"ListItem\",\"position\":1,\"name\":\"Home\",\"item\":\"https:\/\/sanahempjuice.com\/de\/\"},{\"@type\":\"ListItem\",\"position\":2,\"name\":\"Produkte\",\"item\":\"https:\/\/sanahempjuice.com\/de\/produkte\/\"},{\"@type\":\"ListItem\",\"position\":3,\"name\":\"Sana Hanf Saft Tinktur\"}]},{\"@type\":\"WebSite\",\"@id\":\"https:\/\/sanahempjuice.com\/#website\",\"url\":\"https:\/\/sanahempjuice.com\/\",\"name\":\"Sana Hemp Juice\",\"description\":\"\",\"potentialAction\":[{\"@type\":\"SearchAction\",\"target\":{\"@type\":\"EntryPoint\",\"urlTemplate\":\"https:\/\/sanahempjuice.com\/?s={search_term_string}\"},\"query-input\":{\"@type\":\"PropertyValueSpecification\",\"valueRequired\":true,\"valueName\":\"search_term_string\"}}],\"inLanguage\":\"de\"}]}<\/script>\n<!-- \/ Yoast SEO plugin. -->","yoast_head_json":{"title":"Sana Hanf Saft Tinktur | Sana Hemp Juice","robots":{"index":"index","follow":"follow","max-snippet":"max-snippet:-1","max-image-preview":"max-image-preview:large","max-video-preview":"max-video-preview:-1"},"canonical":"https:\/\/sanahempjuice.com\/de\/produkt\/sana-hanf-saft-tinktur\/","og_locale":"de_DE","og_type":"article","og_title":"Sana Hanf Saft Tinktur | Sana Hemp Juice","og_description":"Sana Hanf Saft CBD-A Tinktur ist eine reine und nat\u00fcrliche Tinktur aus 100% Roh Hanf Saft, hergestellt und enth\u00e4lt das gesamte Spektrum an essentiellen N\u00e4hrstoffen mit dem zus\u00e4tzlichen Vorteil der gro\u00dfen Mengen von Cannabidiol acid (CBD-A), abgeleitet aus den Bl\u00e4ttern des Rechts Industriehanfpflanze.","og_url":"https:\/\/sanahempjuice.com\/de\/produkt\/sana-hanf-saft-tinktur\/","og_site_name":"Sana Hemp Juice","article_modified_time":"2022-02-10T13:52:20+00:00","og_image":[{"width":3872,"height":2592,"url":"https:\/\/sanahempjuice.com\/wp-content\/uploads\/2017\/02\/03Example.jpeg","type":"image\/jpeg"}],"twitter_card":"summary_large_image","twitter_misc":{"Gesch\u00e4tzte Lesezeit":"1\u00a0Minute"},"schema":{"@context":"https:\/\/schema.org","@graph":[{"@type":"WebPage","@id":"https:\/\/sanahempjuice.com\/de\/produkt\/sana-hanf-saft-tinktur\/","url":"https:\/\/sanahempjuice.com\/de\/produkt\/sana-hanf-saft-tinktur\/","name":"Sana Hanf Saft Tinktur | Sana Hemp Juice","isPartOf":{"@id":"https:\/\/sanahempjuice.com\/#website"},"primaryImageOfPage":{"@id":"https:\/\/sanahempjuice.com\/de\/produkt\/sana-hanf-saft-tinktur\/#primaryimage"},"image":{"@id":"https:\/\/sanahempjuice.com\/de\/produkt\/sana-hanf-saft-tinktur\/#primaryimage"},"thumbnailUrl":"https:\/\/sanahempjuice.com\/wp-content\/uploads\/2017\/02\/03Example.jpeg","datePublished":"2017-02-06T09:37:21+00:00","dateModified":"2022-02-10T13:52:20+00:00","breadcrumb":{"@id":"https:\/\/sanahempjuice.com\/de\/produkt\/sana-hanf-saft-tinktur\/#breadcrumb"},"inLanguage":"de","potentialAction":[{"@type":"ReadAction","target":["https:\/\/sanahempjuice.com\/de\/produkt\/sana-hanf-saft-tinktur\/"]}]},{"@type":"ImageObject","inLanguage":"de","@id":"https:\/\/sanahempjuice.com\/de\/produkt\/sana-hanf-saft-tinktur\/#primaryimage","url":"https:\/\/sanahempjuice.com\/wp-content\/uploads\/2017\/02\/03Example.jpeg","contentUrl":"https:\/\/sanahempjuice.com\/wp-content\/uploads\/2017\/02\/03Example.jpeg","width":3872,"height":2592,"caption":"Sana Hemp Juice Powder CBDA CBD tincture"},{"@type":"BreadcrumbList","@id":"https:\/\/sanahempjuice.com\/de\/produkt\/sana-hanf-saft-tinktur\/#breadcrumb","itemListElement":[{"@type":"ListItem","position":1,"name":"Home","item":"https:\/\/sanahempjuice.com\/de\/"},{"@type":"ListItem","position":2,"name":"Produkte","item":"https:\/\/sanahempjuice.com\/de\/produkte\/"},{"@type":"ListItem","position":3,"name":"Sana Hanf Saft Tinktur"}]},{"@type":"WebSite","@id":"https:\/\/sanahempjuice.com\/#website","url":"https:\/\/sanahempjuice.com\/","name":"Sana Hemp Juice","description":"","potentialAction":[{"@type":"SearchAction","target":{"@type":"EntryPoint","urlTemplate":"https:\/\/sanahempjuice.com\/?s={search_term_string}"},"query-input":{"@type":"PropertyValueSpecification","valueRequired":true,"valueName":"search_term_string"}}],"inLanguage":"de"}]}},"_links":{"self":[{"href":"https:\/\/sanahempjuice.com\/de\/wp-json\/wp\/v2\/product\/1041","targetHints":{"allow":["GET"]}}],"collection":[{"href":"https:\/\/sanahempjuice.com\/de\/wp-json\/wp\/v2\/product"}],"about":[{"href":"https:\/\/sanahempjuice.com\/de\/wp-json\/wp\/v2\/types\/product"}],"replies":[{"embeddable":true,"href":"https:\/\/sanahempjuice.com\/de\/wp-json\/wp\/v2\/comments?post=1041"}],"wp:featuredmedia":[{"embeddable":true,"href":"https:\/\/sanahempjuice.com\/de\/wp-json\/wp\/v2\/media\/1039"}],"wp:attachment":[{"href":"https:\/\/sanahempjuice.com\/de\/wp-json\/wp\/v2\/media?parent=1041"}],"wp:term":[{"taxonomy":"product_brand","embeddable":true,"href":"https:\/\/sanahempjuice.com\/de\/wp-json\/wp\/v2\/product_brand?post=1041"},{"taxonomy":"product_cat","embeddable":true,"href":"https:\/\/sanahempjuice.com\/de\/wp-json\/wp\/v2\/product_cat?post=1041"},{"taxonomy":"product_tag","embeddable":true,"href":"https:\/\/sanahempjuice.com\/de\/wp-json\/wp\/v2\/product_tag?post=1041"}],"curies":[{"name":"wp","href":"https:\/\/api.w.org\/{rel}","templated":true}]}}