{"id":2687,"date":"2021-05-12T11:47:13","date_gmt":"2021-05-12T11:47:13","guid":{"rendered":"https:\/\/sanahempjuice.com\/?post_type=product&#038;p=2687"},"modified":"2022-02-10T14:39:23","modified_gmt":"2022-02-10T14:39:23","slug":"sana-hemp-pulver-30-g-cbd-a-850mg","status":"publish","type":"product","link":"https:\/\/sanahempjuice.com\/de\/produkt\/sana-hemp-pulver-30-g-cbd-a-850mg\/","title":{"rendered":"Sana Hemp\u00ae pulver 30 g CBD-A 850mg"},"content":{"rendered":"<p><span class=\"VIiyi\" lang=\"de\"><span class=\"JLqJ4b ChMk0b\" data-language-for-alternatives=\"de\" data-language-to-translate-into=\"nl\" data-phrase-index=\"0\">Enth\u00e4lt kaltgepressten Hanfsaft aus frisch geernteten Pflanzen.<\/span> <span class=\"JLqJ4b ChMk0b\" data-language-for-alternatives=\"de\" data-language-to-translate-into=\"nl\" data-phrase-index=\"1\">VOLLST\u00c4NDIGES SPEKTRUM &#8211; 100% NAT\u00dcRLICH &#8211; ENTOURAGE-EFFEKT Der Saft wird sofort zu hochkonzentriertem Pulver lyophilisiert.<\/span> <span class=\"JLqJ4b ChMk0b\" data-language-for-alternatives=\"de\" data-language-to-translate-into=\"nl\" data-phrase-index=\"2\">Durch Gefriertrocknung wird sichergestellt, dass die biochemische Struktur und die Enzyme der Pflanze erhalten bleiben.<\/span> <span class=\"JLqJ4b ChMk0b\" data-language-for-alternatives=\"de\" data-language-to-translate-into=\"nl\" data-phrase-index=\"3\">Dies ist ein Vorteil, da es die Absorption unterst\u00fctzt.<\/span> <span class=\"JLqJ4b ChMk0b\" data-language-for-alternatives=\"de\" data-language-to-translate-into=\"nl\" data-phrase-index=\"4\">Das Produkt h\u00e4lt bei der empfohlenen Tagesdosis ca. 2 Monate.<\/span><\/span><\/p>\n<p><span class=\"VIiyi\" lang=\"de\"><span class=\"JLqJ4b ChMk0b\" data-language-for-alternatives=\"de\" data-language-to-translate-into=\"nl\" data-phrase-index=\"0\">Das Sana Hanfpulver ist wasserl\u00f6slich und daher hervorragend f\u00fcr Shakes, Smoothies, S\u00e4fte oder Joghurt geeignet.<\/span><\/span><\/p>\n<p>Inhalt: 30 Gramm<\/p>\n<h3>Produktdatenblatt:<\/h3>\n<p>Klicken Sie <a href=\"https:\/\/sanahempjuice.com\/wp-content\/uploads\/2022\/02\/R-158-Product-data-sheet-100-raw-hemp-juice-powder-ID-9213.pdf\">hier<\/a> f\u00fcr das Produktdatenblatt.<\/p>\n","protected":false},"excerpt":{"rendered":"<p>VOLLES SPEKTRUM &#8211; 100% NAT\u00dcRLICH<\/p>\n","protected":false},"featured_media":1869,"comment_status":"open","ping_status":"closed","template":"","meta":{"_acf_changed":false},"product_brand":[],"product_cat":[55],"product_tag":[],"class_list":{"0":"post-2687","1":"product","2":"type-product","3":"status-publish","4":"has-post-thumbnail","6":"product_cat-sana-producten-de","8":"first","9":"instock","10":"taxable","11":"shipping-taxable","12":"purchasable","13":"product-type-simple"},"acf":[],"yoast_head":"<!-- This site is optimized with the Yoast SEO plugin v26.8 - https:\/\/yoast.com\/product\/yoast-seo-wordpress\/ -->\n<title>Sana Hemp\u00ae pulver 30 g CBD-A 850mg | Sana Hemp Juice<\/title>\n<meta name=\"robots\" content=\"index, follow, max-snippet:-1, max-image-preview:large, max-video-preview:-1\" \/>\n<link rel=\"canonical\" href=\"https:\/\/sanahempjuice.com\/de\/produkt\/sana-hemp-pulver-30-g-cbd-a-850mg\/\" \/>\n<meta property=\"og:locale\" content=\"de_DE\" \/>\n<meta property=\"og:type\" content=\"article\" \/>\n<meta property=\"og:title\" content=\"Sana Hemp\u00ae pulver 30 g CBD-A 850mg | Sana Hemp Juice\" \/>\n<meta property=\"og:description\" content=\"VOLLES SPEKTRUM - 100% NAT\u00dcRLICH\" \/>\n<meta property=\"og:url\" content=\"https:\/\/sanahempjuice.com\/de\/produkt\/sana-hemp-pulver-30-g-cbd-a-850mg\/\" \/>\n<meta property=\"og:site_name\" content=\"Sana Hemp Juice\" \/>\n<meta property=\"article:modified_time\" content=\"2022-02-10T14:39:23+00:00\" \/>\n<meta property=\"og:image\" content=\"https:\/\/sanahempjuice.com\/wp-content\/uploads\/2019\/04\/sana-raw-powder-2019-2.jpg\" \/>\n\t<meta property=\"og:image:width\" content=\"600\" \/>\n\t<meta property=\"og:image:height\" content=\"600\" \/>\n\t<meta property=\"og:image:type\" content=\"image\/jpeg\" \/>\n<meta name=\"twitter:card\" content=\"summary_large_image\" \/>\n<meta name=\"twitter:label1\" content=\"Gesch\u00e4tzte Lesezeit\" \/>\n\t<meta name=\"twitter:data1\" content=\"1\u00a0Minute\" \/>\n<script type=\"application\/ld+json\" class=\"yoast-schema-graph\">{\"@context\":\"https:\/\/schema.org\",\"@graph\":[{\"@type\":\"WebPage\",\"@id\":\"https:\/\/sanahempjuice.com\/de\/produkt\/sana-hemp-pulver-30-g-cbd-a-850mg\/\",\"url\":\"https:\/\/sanahempjuice.com\/de\/produkt\/sana-hemp-pulver-30-g-cbd-a-850mg\/\",\"name\":\"Sana Hemp\u00ae pulver 30 g CBD-A 850mg | Sana Hemp Juice\",\"isPartOf\":{\"@id\":\"https:\/\/sanahempjuice.com\/#website\"},\"primaryImageOfPage\":{\"@id\":\"https:\/\/sanahempjuice.com\/de\/produkt\/sana-hemp-pulver-30-g-cbd-a-850mg\/#primaryimage\"},\"image\":{\"@id\":\"https:\/\/sanahempjuice.com\/de\/produkt\/sana-hemp-pulver-30-g-cbd-a-850mg\/#primaryimage\"},\"thumbnailUrl\":\"https:\/\/sanahempjuice.com\/wp-content\/uploads\/2019\/04\/sana-raw-powder-2019-2.jpg\",\"datePublished\":\"2021-05-12T11:47:13+00:00\",\"dateModified\":\"2022-02-10T14:39:23+00:00\",\"breadcrumb\":{\"@id\":\"https:\/\/sanahempjuice.com\/de\/produkt\/sana-hemp-pulver-30-g-cbd-a-850mg\/#breadcrumb\"},\"inLanguage\":\"de\",\"potentialAction\":[{\"@type\":\"ReadAction\",\"target\":[\"https:\/\/sanahempjuice.com\/de\/produkt\/sana-hemp-pulver-30-g-cbd-a-850mg\/\"]}]},{\"@type\":\"ImageObject\",\"inLanguage\":\"de\",\"@id\":\"https:\/\/sanahempjuice.com\/de\/produkt\/sana-hemp-pulver-30-g-cbd-a-850mg\/#primaryimage\",\"url\":\"https:\/\/sanahempjuice.com\/wp-content\/uploads\/2019\/04\/sana-raw-powder-2019-2.jpg\",\"contentUrl\":\"https:\/\/sanahempjuice.com\/wp-content\/uploads\/2019\/04\/sana-raw-powder-2019-2.jpg\",\"width\":600,\"height\":600,\"caption\":\"sana raw poeder\"},{\"@type\":\"BreadcrumbList\",\"@id\":\"https:\/\/sanahempjuice.com\/de\/produkt\/sana-hemp-pulver-30-g-cbd-a-850mg\/#breadcrumb\",\"itemListElement\":[{\"@type\":\"ListItem\",\"position\":1,\"name\":\"Home\",\"item\":\"https:\/\/sanahempjuice.com\/de\/\"},{\"@type\":\"ListItem\",\"position\":2,\"name\":\"Produkte\",\"item\":\"https:\/\/sanahempjuice.com\/de\/produkte\/\"},{\"@type\":\"ListItem\",\"position\":3,\"name\":\"Sana Hemp\u00ae pulver 30 g CBD-A 850mg\"}]},{\"@type\":\"WebSite\",\"@id\":\"https:\/\/sanahempjuice.com\/#website\",\"url\":\"https:\/\/sanahempjuice.com\/\",\"name\":\"Sana Hemp Juice\",\"description\":\"\",\"potentialAction\":[{\"@type\":\"SearchAction\",\"target\":{\"@type\":\"EntryPoint\",\"urlTemplate\":\"https:\/\/sanahempjuice.com\/?s={search_term_string}\"},\"query-input\":{\"@type\":\"PropertyValueSpecification\",\"valueRequired\":true,\"valueName\":\"search_term_string\"}}],\"inLanguage\":\"de\"}]}<\/script>\n<!-- \/ Yoast SEO plugin. -->","yoast_head_json":{"title":"Sana Hemp\u00ae pulver 30 g CBD-A 850mg | Sana Hemp Juice","robots":{"index":"index","follow":"follow","max-snippet":"max-snippet:-1","max-image-preview":"max-image-preview:large","max-video-preview":"max-video-preview:-1"},"canonical":"https:\/\/sanahempjuice.com\/de\/produkt\/sana-hemp-pulver-30-g-cbd-a-850mg\/","og_locale":"de_DE","og_type":"article","og_title":"Sana Hemp\u00ae pulver 30 g CBD-A 850mg | Sana Hemp Juice","og_description":"VOLLES SPEKTRUM - 100% NAT\u00dcRLICH","og_url":"https:\/\/sanahempjuice.com\/de\/produkt\/sana-hemp-pulver-30-g-cbd-a-850mg\/","og_site_name":"Sana Hemp Juice","article_modified_time":"2022-02-10T14:39:23+00:00","og_image":[{"width":600,"height":600,"url":"https:\/\/sanahempjuice.com\/wp-content\/uploads\/2019\/04\/sana-raw-powder-2019-2.jpg","type":"image\/jpeg"}],"twitter_card":"summary_large_image","twitter_misc":{"Gesch\u00e4tzte Lesezeit":"1\u00a0Minute"},"schema":{"@context":"https:\/\/schema.org","@graph":[{"@type":"WebPage","@id":"https:\/\/sanahempjuice.com\/de\/produkt\/sana-hemp-pulver-30-g-cbd-a-850mg\/","url":"https:\/\/sanahempjuice.com\/de\/produkt\/sana-hemp-pulver-30-g-cbd-a-850mg\/","name":"Sana Hemp\u00ae pulver 30 g CBD-A 850mg | Sana Hemp Juice","isPartOf":{"@id":"https:\/\/sanahempjuice.com\/#website"},"primaryImageOfPage":{"@id":"https:\/\/sanahempjuice.com\/de\/produkt\/sana-hemp-pulver-30-g-cbd-a-850mg\/#primaryimage"},"image":{"@id":"https:\/\/sanahempjuice.com\/de\/produkt\/sana-hemp-pulver-30-g-cbd-a-850mg\/#primaryimage"},"thumbnailUrl":"https:\/\/sanahempjuice.com\/wp-content\/uploads\/2019\/04\/sana-raw-powder-2019-2.jpg","datePublished":"2021-05-12T11:47:13+00:00","dateModified":"2022-02-10T14:39:23+00:00","breadcrumb":{"@id":"https:\/\/sanahempjuice.com\/de\/produkt\/sana-hemp-pulver-30-g-cbd-a-850mg\/#breadcrumb"},"inLanguage":"de","potentialAction":[{"@type":"ReadAction","target":["https:\/\/sanahempjuice.com\/de\/produkt\/sana-hemp-pulver-30-g-cbd-a-850mg\/"]}]},{"@type":"ImageObject","inLanguage":"de","@id":"https:\/\/sanahempjuice.com\/de\/produkt\/sana-hemp-pulver-30-g-cbd-a-850mg\/#primaryimage","url":"https:\/\/sanahempjuice.com\/wp-content\/uploads\/2019\/04\/sana-raw-powder-2019-2.jpg","contentUrl":"https:\/\/sanahempjuice.com\/wp-content\/uploads\/2019\/04\/sana-raw-powder-2019-2.jpg","width":600,"height":600,"caption":"sana raw poeder"},{"@type":"BreadcrumbList","@id":"https:\/\/sanahempjuice.com\/de\/produkt\/sana-hemp-pulver-30-g-cbd-a-850mg\/#breadcrumb","itemListElement":[{"@type":"ListItem","position":1,"name":"Home","item":"https:\/\/sanahempjuice.com\/de\/"},{"@type":"ListItem","position":2,"name":"Produkte","item":"https:\/\/sanahempjuice.com\/de\/produkte\/"},{"@type":"ListItem","position":3,"name":"Sana Hemp\u00ae pulver 30 g CBD-A 850mg"}]},{"@type":"WebSite","@id":"https:\/\/sanahempjuice.com\/#website","url":"https:\/\/sanahempjuice.com\/","name":"Sana Hemp Juice","description":"","potentialAction":[{"@type":"SearchAction","target":{"@type":"EntryPoint","urlTemplate":"https:\/\/sanahempjuice.com\/?s={search_term_string}"},"query-input":{"@type":"PropertyValueSpecification","valueRequired":true,"valueName":"search_term_string"}}],"inLanguage":"de"}]}},"_links":{"self":[{"href":"https:\/\/sanahempjuice.com\/de\/wp-json\/wp\/v2\/product\/2687","targetHints":{"allow":["GET"]}}],"collection":[{"href":"https:\/\/sanahempjuice.com\/de\/wp-json\/wp\/v2\/product"}],"about":[{"href":"https:\/\/sanahempjuice.com\/de\/wp-json\/wp\/v2\/types\/product"}],"replies":[{"embeddable":true,"href":"https:\/\/sanahempjuice.com\/de\/wp-json\/wp\/v2\/comments?post=2687"}],"wp:featuredmedia":[{"embeddable":true,"href":"https:\/\/sanahempjuice.com\/de\/wp-json\/wp\/v2\/media\/1869"}],"wp:attachment":[{"href":"https:\/\/sanahempjuice.com\/de\/wp-json\/wp\/v2\/media?parent=2687"}],"wp:term":[{"taxonomy":"product_brand","embeddable":true,"href":"https:\/\/sanahempjuice.com\/de\/wp-json\/wp\/v2\/product_brand?post=2687"},{"taxonomy":"product_cat","embeddable":true,"href":"https:\/\/sanahempjuice.com\/de\/wp-json\/wp\/v2\/product_cat?post=2687"},{"taxonomy":"product_tag","embeddable":true,"href":"https:\/\/sanahempjuice.com\/de\/wp-json\/wp\/v2\/product_tag?post=2687"}],"curies":[{"name":"wp","href":"https:\/\/api.w.org\/{rel}","templated":true}]}}