{"id":318,"date":"2015-05-24T12:02:23","date_gmt":"2016-05-25T10:51:13","guid":{"rendered":"http:\/\/sanahemp.blitskikker.nl\/de\/?post_type=product&#038;p=318"},"modified":"2022-02-10T16:11:44","modified_gmt":"2022-02-10T16:11:44","slug":"raw-sana-hemp-juice-powder-90-vcaps","status":"publish","type":"product","link":"https:\/\/sanahempjuice.com\/de\/produkt\/raw-sana-hemp-juice-powder-90-vcaps\/","title":{"rendered":"Raw Sana Hemp Juice Powder 90 vcaps"},"content":{"rendered":"<h3>Spezifische Eigenschaften:<\/h3>\n<ul>\n<li>100 % nat\u00fcrliche Hanf<\/li>\n<li>Super konzentriert CBD-A<\/li>\n<li>reich an Omega 3 &amp; 6.<\/li>\n<li>reich an Vitamin E, Eisen, Kalzium, Kalium, Zink<\/li>\n<li>von der EU genehmigt<\/li>\n<li>bei normaler Verwendung keine bekannten Nebenwirkungen<\/li>\n<li>Allergen frei also in jede Di\u00e4t passt zugelassen!<\/li>\n<li>&lt;0,05% THC<\/li>\n<\/ul>\n<h3>CBD-A rein Vegan und roh<\/h3>\n<p>Sana-Hanf-Saft gibt etwas extra zu Ihrer t\u00e4glichen Ern\u00e4hrung und ist gut zu bedienen, in Kombination mit einem Veganer, Gem\u00fcse und rohe Ern\u00e4hrung.<\/p>\n<h3>Sana Hemp Juice Kapseln<\/h3>\n<p>Sana-Hanf-Saft Kapseln werden aus den Bl\u00e4ttern der Pflanze Industriehanf hergestellt. Diese Hanfpflanze ist 100% organisch gewachsen und kommt aus den Niederlanden. Durch moderne Techniken ist es m\u00f6glich den Hanf-Saft (abgerufen durch &#8216;langsame Entsafter&#8217;) nach dem Verpacken, innerhalb von 2 Minuten Einfrieren, so dass alle Mineralstoffe und Vitamine optimal erhalten. Danach wird das Wasser \u00fcber einen qualitativ hochwertigen Einfrieren Trocknen Technik extrahiert aus dem Saft, wodurch ein hoch konzentrierter und hohes Pulver bleibt. Alle N\u00e4hrwerte werden beibehalten.<\/p>\n<h3>Immer die richtige Menge der CBD-A<\/h3>\n<p>Bei Verwendung der \u00d6l Gehalt CBD-A pro Drop Unterschiede. Dies ist nicht der Fall bei Sana Hanf Saft Kapseln.\u00a0 Sana-Hanf-Saft-Kapseln enthalten immer die gleiche Menge der CBD-A wobei es nie Sorgen zu m\u00fcssen, ob die richtige Menge an CBD-A. Es statt eine Kapsel einfach zu kombinieren mit Fr\u00fchst\u00fcck und\/oder Abendessen, z. B. Erstellen einer festen Zeit der Einnahme. Es ist genau dieses festen Zeit stellt sicher, dass Ihr K\u00f6rper optimal alles Gute in diesem CBD-A-Hanf-Kapsel nutzen kann.<\/p>\n<h3>Konzentrierter CBD-A<\/h3>\n<p>Nie zuvor hat die CBD-A (S\u00e4ure), so einzigartig und konzentriert in einer einzigen Vitamin-Tablette. Jede Kapsel enth\u00e4lt nicht weniger als 4,5 mg reines CBD-A!<\/p>\n<p>Der empfohlenen Tagesdosis unterscheidet sich von Person zu Person, aber f\u00fcr jeden 1 Kapsel k\u00f6nnen immer ein Tag, ein gutes betragen, dies, erh\u00f6ht werden. Wie gro\u00df und einfach es ist, die richtige Menge an CBD-A innerhalb jeden Tag bekommen?<\/p>\n<ul>\n<li>uneingeschr\u00e4nkt zugelassen<\/li>\n<li>100 % nat\u00fcrliche<\/li>\n<li>100 % Bio<\/li>\n<li>CE-Zulassung<\/li>\n<li>Vega Kapseln (wobei der CBD-A sogar besser und schneller in den K\u00f6rper aufgenommen wird.)<\/li>\n<\/ul>\n<h3>Paketinhalt<\/h3>\n<p>Paketinhalt der Sana-Hanf-Saft ist erh\u00e4ltlich in 2 verschiedenen B\u00e4nden:<br \/>\n30 Kapseln 275 mg (gut f\u00fcr \u00b1 ein Monat sachgem\u00e4\u00dfer)<br \/>\n90 Kapseln 275 mg (gut f\u00fcr den normalen Gebrauch von \u00b1 3 Monate)<\/p>\n<p><strong>Produktdatenblatt<\/strong><\/p>\n<p>Klicken Sie <a href=\"https:\/\/sanahempjuice.com\/wp-content\/uploads\/2022\/02\/R-159-Product-data-sheet-capsules-Sana-ID-9276.pdf\">hier<\/a> f\u00fcr das Produktdatenblatt.<\/p>\n","protected":false},"excerpt":{"rendered":"<p>Sana-Hanf Saft ist eine 100% nat\u00fcrlichen Hanf Produkte, das enth\u00e4lt eine hohe Dosis von CBD-A. Es war nie als viel reines CBD-A in 1 Kapsel. Eine Kapsel enth\u00e4lt nicht weniger als 4,5 mg, CBD-A!<\/p>\n","protected":false},"featured_media":588,"comment_status":"open","ping_status":"closed","template":"","meta":{"_acf_changed":false},"product_brand":[],"product_cat":[55],"product_tag":[],"class_list":{"0":"post-318","1":"product","2":"type-product","3":"status-publish","4":"has-post-thumbnail","6":"product_cat-sana-producten-de","8":"first","9":"instock","10":"taxable","11":"shipping-taxable","12":"purchasable","13":"product-type-simple"},"acf":[],"yoast_head":"<!-- This site is optimized with the Yoast SEO plugin v26.8 - https:\/\/yoast.com\/product\/yoast-seo-wordpress\/ -->\n<title>Raw Sana Hemp Juice Powder 90 vcaps | Sana Hemp Juice<\/title>\n<meta name=\"robots\" content=\"index, follow, max-snippet:-1, max-image-preview:large, max-video-preview:-1\" \/>\n<link rel=\"canonical\" href=\"https:\/\/sanahempjuice.com\/de\/produkt\/raw-sana-hemp-juice-powder-90-vcaps\/\" \/>\n<meta property=\"og:locale\" content=\"de_DE\" \/>\n<meta property=\"og:type\" content=\"article\" \/>\n<meta property=\"og:title\" content=\"Raw Sana Hemp Juice Powder 90 vcaps | Sana Hemp Juice\" \/>\n<meta property=\"og:description\" content=\"Sana-Hanf Saft ist eine 100% nat\u00fcrlichen Hanf Produkte, das enth\u00e4lt eine hohe Dosis von CBD-A. Es war nie als viel reines CBD-A in 1 Kapsel. Eine Kapsel enth\u00e4lt nicht weniger als 4,5 mg, CBD-A!\" \/>\n<meta property=\"og:url\" content=\"https:\/\/sanahempjuice.com\/de\/produkt\/raw-sana-hemp-juice-powder-90-vcaps\/\" \/>\n<meta property=\"og:site_name\" content=\"Sana Hemp Juice\" \/>\n<meta property=\"article:modified_time\" content=\"2022-02-10T16:11:44+00:00\" \/>\n<meta property=\"og:image\" content=\"https:\/\/sanahempjuice.com\/wp-content\/uploads\/2016\/05\/sana-hemp-juice-powder-capsules90.png\" \/>\n\t<meta property=\"og:image:width\" content=\"600\" \/>\n\t<meta property=\"og:image:height\" content=\"600\" \/>\n\t<meta property=\"og:image:type\" content=\"image\/png\" \/>\n<meta name=\"twitter:card\" content=\"summary_large_image\" \/>\n<meta name=\"twitter:label1\" content=\"Gesch\u00e4tzte Lesezeit\" \/>\n\t<meta name=\"twitter:data1\" content=\"2\u00a0Minuten\" \/>\n<script type=\"application\/ld+json\" class=\"yoast-schema-graph\">{\"@context\":\"https:\/\/schema.org\",\"@graph\":[{\"@type\":\"WebPage\",\"@id\":\"https:\/\/sanahempjuice.com\/de\/produkt\/raw-sana-hemp-juice-powder-90-vcaps\/\",\"url\":\"https:\/\/sanahempjuice.com\/de\/produkt\/raw-sana-hemp-juice-powder-90-vcaps\/\",\"name\":\"Raw Sana Hemp Juice Powder 90 vcaps | Sana Hemp Juice\",\"isPartOf\":{\"@id\":\"https:\/\/sanahempjuice.com\/#website\"},\"primaryImageOfPage\":{\"@id\":\"https:\/\/sanahempjuice.com\/de\/produkt\/raw-sana-hemp-juice-powder-90-vcaps\/#primaryimage\"},\"image\":{\"@id\":\"https:\/\/sanahempjuice.com\/de\/produkt\/raw-sana-hemp-juice-powder-90-vcaps\/#primaryimage\"},\"thumbnailUrl\":\"https:\/\/sanahempjuice.com\/wp-content\/uploads\/2016\/05\/sana-hemp-juice-powder-capsules90.png\",\"datePublished\":\"2016-05-25T10:51:13+00:00\",\"dateModified\":\"2022-02-10T16:11:44+00:00\",\"breadcrumb\":{\"@id\":\"https:\/\/sanahempjuice.com\/de\/produkt\/raw-sana-hemp-juice-powder-90-vcaps\/#breadcrumb\"},\"inLanguage\":\"de\",\"potentialAction\":[{\"@type\":\"ReadAction\",\"target\":[\"https:\/\/sanahempjuice.com\/de\/produkt\/raw-sana-hemp-juice-powder-90-vcaps\/\"]}]},{\"@type\":\"ImageObject\",\"inLanguage\":\"de\",\"@id\":\"https:\/\/sanahempjuice.com\/de\/produkt\/raw-sana-hemp-juice-powder-90-vcaps\/#primaryimage\",\"url\":\"https:\/\/sanahempjuice.com\/wp-content\/uploads\/2016\/05\/sana-hemp-juice-powder-capsules90.png\",\"contentUrl\":\"https:\/\/sanahempjuice.com\/wp-content\/uploads\/2016\/05\/sana-hemp-juice-powder-capsules90.png\",\"width\":600,\"height\":600,\"caption\":\"Sana Hemp Juice Powder CBDA CBD capsules\"},{\"@type\":\"BreadcrumbList\",\"@id\":\"https:\/\/sanahempjuice.com\/de\/produkt\/raw-sana-hemp-juice-powder-90-vcaps\/#breadcrumb\",\"itemListElement\":[{\"@type\":\"ListItem\",\"position\":1,\"name\":\"Home\",\"item\":\"https:\/\/sanahempjuice.com\/de\/\"},{\"@type\":\"ListItem\",\"position\":2,\"name\":\"Produkte\",\"item\":\"https:\/\/sanahempjuice.com\/de\/produkte\/\"},{\"@type\":\"ListItem\",\"position\":3,\"name\":\"Raw Sana Hemp Juice Powder 90 vcaps\"}]},{\"@type\":\"WebSite\",\"@id\":\"https:\/\/sanahempjuice.com\/#website\",\"url\":\"https:\/\/sanahempjuice.com\/\",\"name\":\"Sana Hemp Juice\",\"description\":\"\",\"potentialAction\":[{\"@type\":\"SearchAction\",\"target\":{\"@type\":\"EntryPoint\",\"urlTemplate\":\"https:\/\/sanahempjuice.com\/?s={search_term_string}\"},\"query-input\":{\"@type\":\"PropertyValueSpecification\",\"valueRequired\":true,\"valueName\":\"search_term_string\"}}],\"inLanguage\":\"de\"}]}<\/script>\n<!-- \/ Yoast SEO plugin. -->","yoast_head_json":{"title":"Raw Sana Hemp Juice Powder 90 vcaps | Sana Hemp Juice","robots":{"index":"index","follow":"follow","max-snippet":"max-snippet:-1","max-image-preview":"max-image-preview:large","max-video-preview":"max-video-preview:-1"},"canonical":"https:\/\/sanahempjuice.com\/de\/produkt\/raw-sana-hemp-juice-powder-90-vcaps\/","og_locale":"de_DE","og_type":"article","og_title":"Raw Sana Hemp Juice Powder 90 vcaps | Sana Hemp Juice","og_description":"Sana-Hanf Saft ist eine 100% nat\u00fcrlichen Hanf Produkte, das enth\u00e4lt eine hohe Dosis von CBD-A. Es war nie als viel reines CBD-A in 1 Kapsel. Eine Kapsel enth\u00e4lt nicht weniger als 4,5 mg, CBD-A!","og_url":"https:\/\/sanahempjuice.com\/de\/produkt\/raw-sana-hemp-juice-powder-90-vcaps\/","og_site_name":"Sana Hemp Juice","article_modified_time":"2022-02-10T16:11:44+00:00","og_image":[{"width":600,"height":600,"url":"https:\/\/sanahempjuice.com\/wp-content\/uploads\/2016\/05\/sana-hemp-juice-powder-capsules90.png","type":"image\/png"}],"twitter_card":"summary_large_image","twitter_misc":{"Gesch\u00e4tzte Lesezeit":"2\u00a0Minuten"},"schema":{"@context":"https:\/\/schema.org","@graph":[{"@type":"WebPage","@id":"https:\/\/sanahempjuice.com\/de\/produkt\/raw-sana-hemp-juice-powder-90-vcaps\/","url":"https:\/\/sanahempjuice.com\/de\/produkt\/raw-sana-hemp-juice-powder-90-vcaps\/","name":"Raw Sana Hemp Juice Powder 90 vcaps | Sana Hemp Juice","isPartOf":{"@id":"https:\/\/sanahempjuice.com\/#website"},"primaryImageOfPage":{"@id":"https:\/\/sanahempjuice.com\/de\/produkt\/raw-sana-hemp-juice-powder-90-vcaps\/#primaryimage"},"image":{"@id":"https:\/\/sanahempjuice.com\/de\/produkt\/raw-sana-hemp-juice-powder-90-vcaps\/#primaryimage"},"thumbnailUrl":"https:\/\/sanahempjuice.com\/wp-content\/uploads\/2016\/05\/sana-hemp-juice-powder-capsules90.png","datePublished":"2016-05-25T10:51:13+00:00","dateModified":"2022-02-10T16:11:44+00:00","breadcrumb":{"@id":"https:\/\/sanahempjuice.com\/de\/produkt\/raw-sana-hemp-juice-powder-90-vcaps\/#breadcrumb"},"inLanguage":"de","potentialAction":[{"@type":"ReadAction","target":["https:\/\/sanahempjuice.com\/de\/produkt\/raw-sana-hemp-juice-powder-90-vcaps\/"]}]},{"@type":"ImageObject","inLanguage":"de","@id":"https:\/\/sanahempjuice.com\/de\/produkt\/raw-sana-hemp-juice-powder-90-vcaps\/#primaryimage","url":"https:\/\/sanahempjuice.com\/wp-content\/uploads\/2016\/05\/sana-hemp-juice-powder-capsules90.png","contentUrl":"https:\/\/sanahempjuice.com\/wp-content\/uploads\/2016\/05\/sana-hemp-juice-powder-capsules90.png","width":600,"height":600,"caption":"Sana Hemp Juice Powder CBDA CBD capsules"},{"@type":"BreadcrumbList","@id":"https:\/\/sanahempjuice.com\/de\/produkt\/raw-sana-hemp-juice-powder-90-vcaps\/#breadcrumb","itemListElement":[{"@type":"ListItem","position":1,"name":"Home","item":"https:\/\/sanahempjuice.com\/de\/"},{"@type":"ListItem","position":2,"name":"Produkte","item":"https:\/\/sanahempjuice.com\/de\/produkte\/"},{"@type":"ListItem","position":3,"name":"Raw Sana Hemp Juice Powder 90 vcaps"}]},{"@type":"WebSite","@id":"https:\/\/sanahempjuice.com\/#website","url":"https:\/\/sanahempjuice.com\/","name":"Sana Hemp Juice","description":"","potentialAction":[{"@type":"SearchAction","target":{"@type":"EntryPoint","urlTemplate":"https:\/\/sanahempjuice.com\/?s={search_term_string}"},"query-input":{"@type":"PropertyValueSpecification","valueRequired":true,"valueName":"search_term_string"}}],"inLanguage":"de"}]}},"_links":{"self":[{"href":"https:\/\/sanahempjuice.com\/de\/wp-json\/wp\/v2\/product\/318","targetHints":{"allow":["GET"]}}],"collection":[{"href":"https:\/\/sanahempjuice.com\/de\/wp-json\/wp\/v2\/product"}],"about":[{"href":"https:\/\/sanahempjuice.com\/de\/wp-json\/wp\/v2\/types\/product"}],"replies":[{"embeddable":true,"href":"https:\/\/sanahempjuice.com\/de\/wp-json\/wp\/v2\/comments?post=318"}],"wp:featuredmedia":[{"embeddable":true,"href":"https:\/\/sanahempjuice.com\/de\/wp-json\/wp\/v2\/media\/588"}],"wp:attachment":[{"href":"https:\/\/sanahempjuice.com\/de\/wp-json\/wp\/v2\/media?parent=318"}],"wp:term":[{"taxonomy":"product_brand","embeddable":true,"href":"https:\/\/sanahempjuice.com\/de\/wp-json\/wp\/v2\/product_brand?post=318"},{"taxonomy":"product_cat","embeddable":true,"href":"https:\/\/sanahempjuice.com\/de\/wp-json\/wp\/v2\/product_cat?post=318"},{"taxonomy":"product_tag","embeddable":true,"href":"https:\/\/sanahempjuice.com\/de\/wp-json\/wp\/v2\/product_tag?post=318"}],"curies":[{"name":"wp","href":"https:\/\/api.w.org\/{rel}","templated":true}]}}