{"id":344,"date":"2016-05-25T12:43:07","date_gmt":"2016-05-25T12:43:07","guid":{"rendered":"http:\/\/sanahemp.blitskikker.nl\/nl\/?page_id=344"},"modified":"2018-04-03T20:31:54","modified_gmt":"2018-04-03T20:31:54","slug":"endocannabinoidsysteem","status":"publish","type":"page","link":"https:\/\/sanahempjuice.com\/nl\/endocannabinoidsysteem\/","title":{"rendered":"Endocannabinoidsysteem"},"content":{"rendered":"<h2 class=\"p1\"><b><\/b>Hoe werkt het\u00a0endocannabino\u00efdsysteem?<\/h2>\n<p>Het endocannabino\u00efdsysteem in het lichaam bestaat uit receptoren, lichaamseigen cannabino\u00efden (endocannabino\u00efden) en enzymen.<\/p>\n<p>Receptoren zijn grote, complexe moleculen (meestal eiwitten) die in de celwand zitten. Bepaalde stoffen kunnen reageren met deze receptoren. Het is als een sleutel en slot: als de stof goed past in de complexe structuur van de receptor, dan kan er een reactie op gang gebracht worden. De receptor verandert van structuur waardoor er een proces binnen de cel geactiveerd wordt. Sommige stoffen binden aan de receptor zonder een reactie te veroorzaken en blokkeren het effect. Dit zijn antagonisten. Een agonist is een stof die de receptoren activeert en zorgt dat het normale proces op gang komt.<\/p>\n<p>Het lichaam maakt zelf ook stoffen aan die reageren met de cannabis-receptoren. Dit worden endo-cannabino\u00efden genoemd. Voorbeelden hiervan zijn anandamide en 2AG (2-arachidonylglycerol).<\/p>\n<p>Deze endocannabino\u00efden worden aangemaakt en afgebroken door enzymen. FAAH\u2019s worden de enzymen genoemd die voor afbraak zorgen (fatty acid amide hydrolase). Het endocannabino\u00efdsysteem is de combinatie van de receptoren, de lichaamseigen cannabino\u00efden die hierop aangrijpen en ook de enzymen die zorgen voor aanmaak en afbraak van deze stoffen. Ingrijpen in dit systeem kan op verschillende manieren: met stoffen die direct op de receptoren aangrijpen en deze activeren of blokkeren. Ook kunnen de enzymen geblokkeerd worden die de endocannabino\u00efden afbreken (FAAH-remmers). Dan blijven deze stoffen langer werkzaam. Er worden nu synthetische geneesmiddelen ontwikkeld die dit effect hebben en deze enzymen remmen. De cannabino\u00efden uit cannabis, ook wel fytocannabino\u00efden genoemd, reageren direct met de receptor, maar kunnen ook op andere manier ingrijpen in het endo-cannabino\u00efdsysteem.<\/p>\n<p><img loading=\"lazy\" decoding=\"async\" class=\"wp-image-1068 alignnone\" style=\"padding-left: 2em; margin-right: 3em;\" src=\"https:\/\/sanahempjuice.com\/wp-content\/uploads\/2016\/05\/Schermafbeelding-2017-02-13-om-09.36.43.png\" alt=\"Schermafbeelding 2017-02-13 om 09.36.43\" width=\"200\" height=\"500\" srcset=\"https:\/\/sanahempjuice.com\/wp-content\/uploads\/2016\/05\/Schermafbeelding-2017-02-13-om-09.36.43.png 284w, https:\/\/sanahempjuice.com\/wp-content\/uploads\/2016\/05\/Schermafbeelding-2017-02-13-om-09.36.43-120x300.png 120w\" sizes=\"auto, (max-width: 200px) 100vw, 200px\" \/><img loading=\"lazy\" decoding=\"async\" class=\"wp-image-1065 size-full alignnone\" src=\"https:\/\/sanahempjuice.com\/wp-content\/uploads\/2016\/05\/endocannabinoid_system.jpg\" alt=\"endocannabinoid_system\" width=\"575\" height=\"285\" srcset=\"https:\/\/sanahempjuice.com\/wp-content\/uploads\/2016\/05\/endocannabinoid_system.jpg 575w, https:\/\/sanahempjuice.com\/wp-content\/uploads\/2016\/05\/endocannabinoid_system-300x149.jpg 300w\" sizes=\"auto, (max-width: 575px) 100vw, 575px\" \/><\/p>\n<p>&nbsp;<\/p>\n<p>Er zijn verschillende typen receptoren ontdekt: CB1 en CB2. Mogelijk bestaan er nog meer. CB1-receptoren zijn aanwezig in het centrale zenuwstelsel (hersenen en ruggenmerg). Ze komen vooral voor in delen van de hersenen die betrokken zijn bij beweging, co\u00f6rdinatie, waarnemen van gevoel, leren, geheugen, emoties, hormonale functies en lichaamstemperatuur.<\/p>\n<h2>Werkingsmechanismen CBD<\/h2>\n<p>CBD is niet schadelijk voor normale cellen (wel mogelijk schadelijk voor niet goed functionerende cellen). Het heeft geen invloed op het eetgedrag, op hartslag en bloeddruk of lichaamstemperatuur (zoals THC wel kan hebben). Ook geen effecten op de stoelgang of maagdarmkanaal. Verder be\u00efnvloedt het de psychologische functies niet. Een bijwerking van CBD is dat het alertheid kan verhogen en in sommige situaties de slaap kan verbeteren.<\/p>\n<h2><\/h2>\n","protected":false},"excerpt":{"rendered":"<p>Hoe werkt het\u00a0endocannabino\u00efdsysteem? Het endocannabino\u00efdsysteem in het lichaam bestaat uit receptoren, lichaamseigen cannabino\u00efden (endocannabino\u00efden) en [&hellip;]<\/p>\n","protected":false},"author":1,"featured_media":0,"parent":0,"menu_order":0,"comment_status":"closed","ping_status":"closed","template":"","meta":{"_acf_changed":false,"footnotes":""},"class_list":["post-344","page","type-page","status-publish","hentry"],"acf":[],"yoast_head":"<!-- This site is optimized with the Yoast SEO plugin v26.8 - https:\/\/yoast.com\/product\/yoast-seo-wordpress\/ -->\n<title>Cannabidiol | De kracht van Cannabidiol | Sana Hemp Juice<\/title>\n<meta name=\"description\" content=\"Cannabidiol is een samenstelling uit hennep planten zonder psychoactieve effecten en verbetert vele processen in het menselijk lichaam. Lees snel verder!\" \/>\n<meta name=\"robots\" content=\"index, follow, max-snippet:-1, max-image-preview:large, max-video-preview:-1\" \/>\n<link rel=\"canonical\" href=\"https:\/\/sanahempjuice.com\/nl\/endocannabinoidsysteem\/\" \/>\n<meta property=\"og:locale\" content=\"nl_NL\" \/>\n<meta property=\"og:type\" content=\"article\" \/>\n<meta property=\"og:title\" content=\"Cannabidiol | De kracht van Cannabidiol | Sana Hemp Juice\" \/>\n<meta property=\"og:description\" content=\"Cannabidiol is een samenstelling uit hennep planten zonder psychoactieve effecten en verbetert vele processen in het menselijk lichaam. Lees snel verder!\" \/>\n<meta property=\"og:url\" content=\"https:\/\/sanahempjuice.com\/nl\/endocannabinoidsysteem\/\" \/>\n<meta property=\"og:site_name\" content=\"Sana Hemp Juice\" \/>\n<meta property=\"article:modified_time\" content=\"2018-04-03T20:31:54+00:00\" \/>\n<meta property=\"og:image\" content=\"https:\/\/sanahempjuice.com\/wp-content\/uploads\/2016\/05\/Schermafbeelding-2017-02-13-om-09.36.43.png\" \/>\n<meta name=\"twitter:card\" content=\"summary_large_image\" \/>\n<meta name=\"twitter:label1\" content=\"Geschatte leestijd\" \/>\n\t<meta name=\"twitter:data1\" content=\"2 minuten\" \/>\n<script type=\"application\/ld+json\" class=\"yoast-schema-graph\">{\"@context\":\"https:\/\/schema.org\",\"@graph\":[{\"@type\":\"WebPage\",\"@id\":\"https:\/\/sanahempjuice.com\/nl\/endocannabinoidsysteem\/\",\"url\":\"https:\/\/sanahempjuice.com\/nl\/endocannabinoidsysteem\/\",\"name\":\"Cannabidiol | De kracht van Cannabidiol | Sana Hemp Juice\",\"isPartOf\":{\"@id\":\"https:\/\/sanahempjuice.com\/#website\"},\"primaryImageOfPage\":{\"@id\":\"https:\/\/sanahempjuice.com\/nl\/endocannabinoidsysteem\/#primaryimage\"},\"image\":{\"@id\":\"https:\/\/sanahempjuice.com\/nl\/endocannabinoidsysteem\/#primaryimage\"},\"thumbnailUrl\":\"https:\/\/sanahempjuice.com\/wp-content\/uploads\/2016\/05\/Schermafbeelding-2017-02-13-om-09.36.43.png\",\"datePublished\":\"2016-05-25T12:43:07+00:00\",\"dateModified\":\"2018-04-03T20:31:54+00:00\",\"description\":\"Cannabidiol is een samenstelling uit hennep planten zonder psychoactieve effecten en verbetert vele processen in het menselijk lichaam. Lees snel verder!\",\"breadcrumb\":{\"@id\":\"https:\/\/sanahempjuice.com\/nl\/endocannabinoidsysteem\/#breadcrumb\"},\"inLanguage\":\"nl-NL\",\"potentialAction\":[{\"@type\":\"ReadAction\",\"target\":[\"https:\/\/sanahempjuice.com\/nl\/endocannabinoidsysteem\/\"]}]},{\"@type\":\"ImageObject\",\"inLanguage\":\"nl-NL\",\"@id\":\"https:\/\/sanahempjuice.com\/nl\/endocannabinoidsysteem\/#primaryimage\",\"url\":\"https:\/\/sanahempjuice.com\/wp-content\/uploads\/2016\/05\/Schermafbeelding-2017-02-13-om-09.36.43.png\",\"contentUrl\":\"https:\/\/sanahempjuice.com\/wp-content\/uploads\/2016\/05\/Schermafbeelding-2017-02-13-om-09.36.43.png\"},{\"@type\":\"BreadcrumbList\",\"@id\":\"https:\/\/sanahempjuice.com\/nl\/endocannabinoidsysteem\/#breadcrumb\",\"itemListElement\":[{\"@type\":\"ListItem\",\"position\":1,\"name\":\"Home\",\"item\":\"https:\/\/sanahempjuice.com\/nl\/\"},{\"@type\":\"ListItem\",\"position\":2,\"name\":\"Endocannabinoidsysteem\"}]},{\"@type\":\"WebSite\",\"@id\":\"https:\/\/sanahempjuice.com\/#website\",\"url\":\"https:\/\/sanahempjuice.com\/\",\"name\":\"Sana Hemp Juice\",\"description\":\"\",\"potentialAction\":[{\"@type\":\"SearchAction\",\"target\":{\"@type\":\"EntryPoint\",\"urlTemplate\":\"https:\/\/sanahempjuice.com\/?s={search_term_string}\"},\"query-input\":{\"@type\":\"PropertyValueSpecification\",\"valueRequired\":true,\"valueName\":\"search_term_string\"}}],\"inLanguage\":\"nl-NL\"}]}<\/script>\n<!-- \/ Yoast SEO plugin. -->","yoast_head_json":{"title":"Cannabidiol | De kracht van Cannabidiol | Sana Hemp Juice","description":"Cannabidiol is een samenstelling uit hennep planten zonder psychoactieve effecten en verbetert vele processen in het menselijk lichaam. Lees snel verder!","robots":{"index":"index","follow":"follow","max-snippet":"max-snippet:-1","max-image-preview":"max-image-preview:large","max-video-preview":"max-video-preview:-1"},"canonical":"https:\/\/sanahempjuice.com\/nl\/endocannabinoidsysteem\/","og_locale":"nl_NL","og_type":"article","og_title":"Cannabidiol | De kracht van Cannabidiol | Sana Hemp Juice","og_description":"Cannabidiol is een samenstelling uit hennep planten zonder psychoactieve effecten en verbetert vele processen in het menselijk lichaam. Lees snel verder!","og_url":"https:\/\/sanahempjuice.com\/nl\/endocannabinoidsysteem\/","og_site_name":"Sana Hemp Juice","article_modified_time":"2018-04-03T20:31:54+00:00","og_image":[{"url":"https:\/\/sanahempjuice.com\/wp-content\/uploads\/2016\/05\/Schermafbeelding-2017-02-13-om-09.36.43.png","type":"","width":"","height":""}],"twitter_card":"summary_large_image","twitter_misc":{"Geschatte leestijd":"2 minuten"},"schema":{"@context":"https:\/\/schema.org","@graph":[{"@type":"WebPage","@id":"https:\/\/sanahempjuice.com\/nl\/endocannabinoidsysteem\/","url":"https:\/\/sanahempjuice.com\/nl\/endocannabinoidsysteem\/","name":"Cannabidiol | De kracht van Cannabidiol | Sana Hemp Juice","isPartOf":{"@id":"https:\/\/sanahempjuice.com\/#website"},"primaryImageOfPage":{"@id":"https:\/\/sanahempjuice.com\/nl\/endocannabinoidsysteem\/#primaryimage"},"image":{"@id":"https:\/\/sanahempjuice.com\/nl\/endocannabinoidsysteem\/#primaryimage"},"thumbnailUrl":"https:\/\/sanahempjuice.com\/wp-content\/uploads\/2016\/05\/Schermafbeelding-2017-02-13-om-09.36.43.png","datePublished":"2016-05-25T12:43:07+00:00","dateModified":"2018-04-03T20:31:54+00:00","description":"Cannabidiol is een samenstelling uit hennep planten zonder psychoactieve effecten en verbetert vele processen in het menselijk lichaam. Lees snel verder!","breadcrumb":{"@id":"https:\/\/sanahempjuice.com\/nl\/endocannabinoidsysteem\/#breadcrumb"},"inLanguage":"nl-NL","potentialAction":[{"@type":"ReadAction","target":["https:\/\/sanahempjuice.com\/nl\/endocannabinoidsysteem\/"]}]},{"@type":"ImageObject","inLanguage":"nl-NL","@id":"https:\/\/sanahempjuice.com\/nl\/endocannabinoidsysteem\/#primaryimage","url":"https:\/\/sanahempjuice.com\/wp-content\/uploads\/2016\/05\/Schermafbeelding-2017-02-13-om-09.36.43.png","contentUrl":"https:\/\/sanahempjuice.com\/wp-content\/uploads\/2016\/05\/Schermafbeelding-2017-02-13-om-09.36.43.png"},{"@type":"BreadcrumbList","@id":"https:\/\/sanahempjuice.com\/nl\/endocannabinoidsysteem\/#breadcrumb","itemListElement":[{"@type":"ListItem","position":1,"name":"Home","item":"https:\/\/sanahempjuice.com\/nl\/"},{"@type":"ListItem","position":2,"name":"Endocannabinoidsysteem"}]},{"@type":"WebSite","@id":"https:\/\/sanahempjuice.com\/#website","url":"https:\/\/sanahempjuice.com\/","name":"Sana Hemp Juice","description":"","potentialAction":[{"@type":"SearchAction","target":{"@type":"EntryPoint","urlTemplate":"https:\/\/sanahempjuice.com\/?s={search_term_string}"},"query-input":{"@type":"PropertyValueSpecification","valueRequired":true,"valueName":"search_term_string"}}],"inLanguage":"nl-NL"}]}},"_links":{"self":[{"href":"https:\/\/sanahempjuice.com\/nl\/wp-json\/wp\/v2\/pages\/344","targetHints":{"allow":["GET"]}}],"collection":[{"href":"https:\/\/sanahempjuice.com\/nl\/wp-json\/wp\/v2\/pages"}],"about":[{"href":"https:\/\/sanahempjuice.com\/nl\/wp-json\/wp\/v2\/types\/page"}],"author":[{"embeddable":true,"href":"https:\/\/sanahempjuice.com\/nl\/wp-json\/wp\/v2\/users\/1"}],"replies":[{"embeddable":true,"href":"https:\/\/sanahempjuice.com\/nl\/wp-json\/wp\/v2\/comments?post=344"}],"version-history":[{"count":17,"href":"https:\/\/sanahempjuice.com\/nl\/wp-json\/wp\/v2\/pages\/344\/revisions"}],"predecessor-version":[{"id":1505,"href":"https:\/\/sanahempjuice.com\/nl\/wp-json\/wp\/v2\/pages\/344\/revisions\/1505"}],"wp:attachment":[{"href":"https:\/\/sanahempjuice.com\/nl\/wp-json\/wp\/v2\/media?parent=344"}],"curies":[{"name":"wp","href":"https:\/\/api.w.org\/{rel}","templated":true}]}}